{"id":8174,"date":"2022-06-13T14:37:29","date_gmt":"2022-06-13T14:37:29","guid":{"rendered":"http:\/\/acinsumos.srtv.cl\/request-quote\/"},"modified":"2022-06-17T20:09:14","modified_gmt":"2022-06-17T20:09:14","slug":"request-quote","status":"publish","type":"page","link":"https:\/\/acinsumos.cl\/index.php\/request-quote\/","title":{"rendered":"Carro cotizador"},"content":{"rendered":"\n<div class=\"woocommerce ywraq-wrapper\">\n\n\t    <div id=\"yith-ywraq-message\"><div class=\"ywraq-question-message\">\n\t<\/div><\/div>\n\t\t<p class=\"ywraq_list_empty_message\">Tu lista est\u00e1 vac\u00eda, a\u00f1ade productos a la lista para enviar una solicitud<p><p class=\"return-to-shop\"><a class=\"button wc-backward\" href=\"http:\/\/acinsumos.srtv.cl\/tienda\/\">Regresar a tienda<\/a><\/p>\n\n\t    <\/div>\n","protected":false},"excerpt":{"rendered":"Tu lista est\u00e1 vac\u00eda, a\u00f1ade productos a la lista para enviar una solicitudRegresar a tienda","protected":false},"author":2,"featured_media":0,"parent":0,"menu_order":0,"comment_status":"closed","ping_status":"closed","template":"","meta":{"om_disable_all_campaigns":false,"_monsterinsights_skip_tracking":false,"_monsterinsights_sitenote_active":false,"_monsterinsights_sitenote_note":"","_monsterinsights_sitenote_category":0,"footnotes":""},"aioseo_notices":[],"_links":{"self":[{"href":"https:\/\/acinsumos.cl\/index.php\/wp-json\/wp\/v2\/pages\/8174"}],"collection":[{"href":"https:\/\/acinsumos.cl\/index.php\/wp-json\/wp\/v2\/pages"}],"about":[{"href":"https:\/\/acinsumos.cl\/index.php\/wp-json\/wp\/v2\/types\/page"}],"author":[{"embeddable":true,"href":"https:\/\/acinsumos.cl\/index.php\/wp-json\/wp\/v2\/users\/2"}],"replies":[{"embeddable":true,"href":"https:\/\/acinsumos.cl\/index.php\/wp-json\/wp\/v2\/comments?post=8174"}],"version-history":[{"count":1,"href":"https:\/\/acinsumos.cl\/index.php\/wp-json\/wp\/v2\/pages\/8174\/revisions"}],"predecessor-version":[{"id":8365,"href":"https:\/\/acinsumos.cl\/index.php\/wp-json\/wp\/v2\/pages\/8174\/revisions\/8365"}],"wp:attachment":[{"href":"https:\/\/acinsumos.cl\/index.php\/wp-json\/wp\/v2\/media?parent=8174"}],"curies":[{"name":"wp","href":"https:\/\/api.w.org\/{rel}","templated":true}]}}