{"id":8325,"date":"2022-06-16T13:35:47","date_gmt":"2022-06-16T13:35:47","guid":{"rendered":"http:\/\/acinsumos.srtv.cl\/?page_id=8325"},"modified":"2022-07-08T19:56:21","modified_gmt":"2022-07-08T19:56:21","slug":"servicios","status":"publish","type":"page","link":"https:\/\/acinsumos.cl\/index.php\/servicios\/","title":{"rendered":"Servicios"},"content":{"rendered":"<section class=\"l-section wpb_row us_custom_b6a72ce1 height_custom\"><div class=\"l-section-h i-cf\"><div class=\"g-cols via_grid cols_1 laptops-cols_inherit tablets-cols_inherit mobiles-cols_1 valign_top type_default\"><div class=\"wpb_column vc_column_container\"><div class=\"vc_column-inner\"><div class=\"w-separator size_small\"><\/div><div class=\"w-grid type_grid layout_portfolio_18 cols_4 no_gap ratio_1x1\" id=\"us_grid_1\" data-filterable=\"true\"><style>@media (max-width:1199px){#us_grid_1 .w-grid-item{width:33.3333%}#us_grid_1 .w-grid-item.size_2x1,#us_grid_1 .w-grid-item.size_2x2{width:66.6667%}}@media (max-width:899px){#us_grid_1 .w-grid-item{width:50%}#us_grid_1 .w-grid-item.size_2x1,#us_grid_1 .w-grid-item.size_2x2{width:100%}}@media (max-width:599px){#us_grid_1 .w-grid-item{width:100%}}.layout_portfolio_18 .w-grid-item-h:before{padding-bottom:100%}@media (min-width:600px){.layout_portfolio_18 .w-grid-item.size_1x2 .w-grid-item-h:before{padding-bottom:calc(200% + 0px + 0px)}.layout_portfolio_18 .w-grid-item.size_2x1 .w-grid-item-h:before{padding-bottom:calc(50% - 0px * 1)}.layout_portfolio_18 .w-grid-item.size_2x2 .w-grid-item-h:before{padding-bottom:calc(100% - 0px * 0)}}.layout_portfolio_18 .w-grid-item-h{}.layout_portfolio_18 .usg_vwrapper_1{transition-duration:1s;transform-origin:50% 50%;transform:scale(1) translate(0,0);opacity:0}.layout_portfolio_18 .w-grid-item-h:hover .usg_vwrapper_1{transform:scale(1) translate(0,0);opacity:1}.layout_portfolio_18 .usg_post_custom_field_1{transition-duration:1s;transform-origin:50% 50%;transform:scale(1) translate(0,0);opacity:0}.layout_portfolio_18 .w-grid-item-h:hover .usg_post_custom_field_1{transform:scale(1) translate(0,0);opacity:1}.layout_portfolio_18 .usg_post_image_1{position:absolute!important;top:0!important;right:0!important;bottom:0!important;left:0!important}.layout_portfolio_18 .usg_vwrapper_1{position:absolute!important;right:0!important;bottom:-1px!important;left:0!important;background:linear-gradient(transparent,rgba(30,30,30,0.8))!important;padding:5rem 2rem 1.5rem 2rem!important}.layout_portfolio_18 .usg_post_title_1{color:#fff!important;font-size:1.4rem!important}.layout_portfolio_18 .usg_post_taxonomy_1{color:#fff!important;font-size:0.9rem!important}.layout_portfolio_18 .usg_post_custom_field_1{position:absolute!important;top:0!important;right:0!important;bottom:0!important;left:0!important}<\/style><div class=\"w-grid-list\">\t<article class=\"w-grid-item size_1x1 post-7941 us_portfolio type-us_portfolio status-publish has-post-thumbnail hentry us_portfolio_category-servicios\" data-id=\"7941\">\n\t\t<div class=\"w-grid-item-h\">\n\t\t\t\t\t\t\t<a class=\"w-grid-item-anchor\" href=\"https:\/\/acinsumos.cl\/index.php\/portfolio\/prexor-ruido-laboral\/\" rel=\"bookmark\" aria-label=\"PREXOR RUIDO LABORAL\"><\/a>\n\t\t\t\t\t\t<div class=\"w-post-elm post_image usg_post_image_1 stretched\"><img loading=\"lazy\" decoding=\"async\" width=\"750\" height=\"500\" src=\"https:\/\/acinsumos.cl\/wp-content\/uploads\/2022\/06\/Prexor-Ruido-Laboral.jpg\" class=\"attachment-large size-large wp-post-image\" alt=\"\" \/><\/div><div class=\"w-vwrapper usg_vwrapper_1 align_none valign_top\"><h2 class=\"w-post-elm post_title usg_post_title_1 entry-title color_link_inherit\">PREXOR RUIDO LABORAL<\/h2><div class=\"w-post-elm post_taxonomy usg_post_taxonomy_1 style_simple color_link_inherit\"><a href=\"https:\/\/acinsumos.cl\/index.php\/portfolio_category\/servicios\/\">SERVICIOS<\/a><\/div><\/div>\t\t<\/div>\n\t<\/article>\n\t<article class=\"w-grid-item size_1x1 post-7972 us_portfolio type-us_portfolio status-publish has-post-thumbnail hentry us_portfolio_category-servicios\" data-id=\"7972\">\n\t\t<div class=\"w-grid-item-h\">\n\t\t\t\t\t\t\t<a class=\"w-grid-item-anchor\" href=\"https:\/\/acinsumos.cl\/index.php\/portfolio\/modelaciones\/\" rel=\"bookmark\" aria-label=\"MODELACIONES\"><\/a>\n\t\t\t\t\t\t<div class=\"w-post-elm post_image usg_post_image_1 stretched\"><img loading=\"lazy\" decoding=\"async\" width=\"750\" height=\"500\" src=\"https:\/\/acinsumos.cl\/wp-content\/uploads\/2022\/06\/modelaciones.jpg\" class=\"attachment-large size-large wp-post-image\" alt=\"\" \/><\/div><div class=\"w-vwrapper usg_vwrapper_1 align_none valign_top\"><h2 class=\"w-post-elm post_title usg_post_title_1 entry-title color_link_inherit\">MODELACIONES<\/h2><div class=\"w-post-elm post_taxonomy usg_post_taxonomy_1 style_simple color_link_inherit\"><a href=\"https:\/\/acinsumos.cl\/index.php\/portfolio_category\/servicios\/\">SERVICIOS<\/a><\/div><\/div>\t\t<\/div>\n\t<\/article>\n\t<article class=\"w-grid-item size_1x1 post-7975 us_portfolio type-us_portfolio status-publish has-post-thumbnail hentry us_portfolio_category-servicios\" data-id=\"7975\">\n\t\t<div class=\"w-grid-item-h\">\n\t\t\t\t\t\t\t<a class=\"w-grid-item-anchor\" href=\"https:\/\/acinsumos.cl\/index.php\/portfolio\/control-de-ruido\/\" rel=\"bookmark\" aria-label=\"DISE\u00d1O CONTROL DE RUIDO\"><\/a>\n\t\t\t\t\t\t<div class=\"w-post-elm post_image usg_post_image_1 stretched\"><img loading=\"lazy\" decoding=\"async\" width=\"750\" height=\"500\" src=\"https:\/\/acinsumos.cl\/wp-content\/uploads\/2022\/06\/control-de-ruido.jpg\" class=\"attachment-large size-large wp-post-image\" alt=\"\" \/><\/div><div class=\"w-vwrapper usg_vwrapper_1 align_none valign_top\"><h2 class=\"w-post-elm post_title usg_post_title_1 entry-title color_link_inherit\">DISE\u00d1O CONTROL DE RUIDO<\/h2><div class=\"w-post-elm post_taxonomy usg_post_taxonomy_1 style_simple color_link_inherit\"><a href=\"https:\/\/acinsumos.cl\/index.php\/portfolio_category\/servicios\/\">SERVICIOS<\/a><\/div><\/div>\t\t<\/div>\n\t<\/article>\n\t<article class=\"w-grid-item size_1x1 post-7934 us_portfolio type-us_portfolio status-publish has-post-thumbnail hentry us_portfolio_category-servicios\" data-id=\"7934\">\n\t\t<div class=\"w-grid-item-h\">\n\t\t\t\t\t\t\t<a class=\"w-grid-item-anchor\" href=\"https:\/\/acinsumos.cl\/index.php\/portfolio\/acustica-arquitectonica\/\" rel=\"bookmark\" aria-label=\"AC\u00daSTICA ARQUITECT\u00d3NICA\"><\/a>\n\t\t\t\t\t\t<div class=\"w-post-elm post_image usg_post_image_1 stretched\"><img loading=\"lazy\" decoding=\"async\" width=\"750\" height=\"500\" src=\"https:\/\/acinsumos.cl\/wp-content\/uploads\/2022\/06\/Acustica-arquitectonica.jpg\" class=\"attachment-large size-large wp-post-image\" alt=\"\" \/><\/div><div class=\"w-vwrapper usg_vwrapper_1 align_none valign_top\"><h2 class=\"w-post-elm post_title usg_post_title_1 entry-title color_link_inherit\">AC\u00daSTICA ARQUITECT\u00d3NICA<\/h2><div class=\"w-post-elm post_taxonomy usg_post_taxonomy_1 style_simple color_link_inherit\"><a href=\"https:\/\/acinsumos.cl\/index.php\/portfolio_category\/servicios\/\">SERVICIOS<\/a><\/div><\/div>\t\t<\/div>\n\t<\/article>\n<\/div><div class=\"w-grid-preloader\"><div class=\"g-preloader type_1\">\n\t<div><\/div>\n<\/div>\n<\/div>\t<div class=\"w-grid-json hidden\" onclick='return {&quot;action&quot;:&quot;us_ajax_grid&quot;,&quot;ajax_url&quot;:&quot;https:\\\/\\\/acinsumos.cl\\\/wp-admin\\\/admin-ajax.php&quot;,&quot;infinite_scroll&quot;:0,&quot;max_num_pages&quot;:1,&quot;pagination&quot;:&quot;none&quot;,&quot;permalink_url&quot;:&quot;https:\\\/\\\/acinsumos.cl\\\/wp-json\\\/wp\\\/v2\\\/pages\\\/8325&quot;,&quot;template_vars&quot;:{&quot;columns&quot;:&quot;4&quot;,&quot;exclude_items&quot;:&quot;none&quot;,&quot;img_size&quot;:&quot;default&quot;,&quot;ignore_items_size&quot;:false,&quot;items_layout&quot;:&quot;portfolio_18&quot;,&quot;items_offset&quot;:&quot;1&quot;,&quot;load_animation&quot;:&quot;none&quot;,&quot;overriding_link&quot;:&quot;post&quot;,&quot;post_id&quot;:8325,&quot;query_args&quot;:{&quot;post_type&quot;:[&quot;us_portfolio&quot;],&quot;tax_query&quot;:[{&quot;taxonomy&quot;:&quot;us_portfolio_category&quot;,&quot;field&quot;:&quot;slug&quot;,&quot;terms&quot;:[&quot;servicios&quot;]}],&quot;post_status&quot;:[&quot;publish&quot;,&quot;wc-ywraq-new&quot;,&quot;wc-ywraq-pending&quot;,&quot;wc-ywraq-expired&quot;,&quot;wc-ywraq-accepted&quot;,&quot;wc-ywraq-rejected&quot;],&quot;posts_per_page&quot;:&quot;28&quot;},&quot;orderby_query_args&quot;:{&quot;orderby&quot;:{&quot;modified&quot;:&quot;ASC&quot;,&quot;date&quot;:&quot;ASC&quot;}},&quot;type&quot;:&quot;grid&quot;,&quot;us_grid_ajax_index&quot;:1,&quot;us_grid_filter_params&quot;:null,&quot;us_grid_index&quot;:1,&quot;_us_grid_post_type&quot;:&quot;us_portfolio&quot;}}'><\/div>\n\t<\/div><\/div><\/div><\/div><\/div><\/section>\n","protected":false},"excerpt":{"rendered":"Ac\u00fastica Arquitect\u00f3nica La ac\u00fastica arquitect\u00f3nica es la yuxtaposici\u00f3n de dos ramas: por un lado, la ac\u00fastica, relacionada con el estudio del sonido; por el otro, la arquitectura, relacionada con la construcci\u00f3n de edificaciones. Desde un punto de vista comercial, la ac\u00fastica arquitect\u00f3nica engloba todos aquellos servicios de evaluaci\u00f3n, medici\u00f3n, dise\u00f1o, desarrollo, modelaci\u00f3n, predicci\u00f3n, fabricaci\u00f3n e...","protected":false},"author":2,"featured_media":0,"parent":0,"menu_order":0,"comment_status":"closed","ping_status":"closed","template":"","meta":{"om_disable_all_campaigns":false,"_monsterinsights_skip_tracking":false,"_monsterinsights_sitenote_active":false,"_monsterinsights_sitenote_note":"","_monsterinsights_sitenote_category":0,"footnotes":""},"aioseo_notices":[],"_links":{"self":[{"href":"https:\/\/acinsumos.cl\/index.php\/wp-json\/wp\/v2\/pages\/8325"}],"collection":[{"href":"https:\/\/acinsumos.cl\/index.php\/wp-json\/wp\/v2\/pages"}],"about":[{"href":"https:\/\/acinsumos.cl\/index.php\/wp-json\/wp\/v2\/types\/page"}],"author":[{"embeddable":true,"href":"https:\/\/acinsumos.cl\/index.php\/wp-json\/wp\/v2\/users\/2"}],"replies":[{"embeddable":true,"href":"https:\/\/acinsumos.cl\/index.php\/wp-json\/wp\/v2\/comments?post=8325"}],"version-history":[{"count":6,"href":"https:\/\/acinsumos.cl\/index.php\/wp-json\/wp\/v2\/pages\/8325\/revisions"}],"predecessor-version":[{"id":8583,"href":"https:\/\/acinsumos.cl\/index.php\/wp-json\/wp\/v2\/pages\/8325\/revisions\/8583"}],"wp:attachment":[{"href":"https:\/\/acinsumos.cl\/index.php\/wp-json\/wp\/v2\/media?parent=8325"}],"curies":[{"name":"wp","href":"https:\/\/api.w.org\/{rel}","templated":true}]}}