{"id":8548,"date":"2022-07-08T14:46:41","date_gmt":"2022-07-08T14:46:41","guid":{"rendered":"https:\/\/acinsumos.cl\/?page_id=8548"},"modified":"2022-07-08T14:46:41","modified_gmt":"2022-07-08T14:46:41","slug":"productos-especiales-2","status":"publish","type":"page","link":"https:\/\/acinsumos.cl\/index.php\/productos-especiales-2\/","title":{"rendered":"Productos especiales"},"content":{"rendered":"<section class=\"l-section wpb_row height_custom\"><div class=\"l-section-h i-cf\"><div class=\"g-cols via_grid cols_1 laptops-cols_inherit tablets-cols_inherit mobiles-cols_1 valign_top type_default\"><div class=\"wpb_column vc_column_container\"><div class=\"vc_column-inner\"><div class=\"w-grid type_grid layout_8418 cols_6\" id=\"us_grid_1\" data-filterable=\"true\"><style>#us_grid_1 .w-grid-item{padding:0.5rem}#us_grid_1 .w-grid-list{margin:-0.5rem}.w-grid-none + #us_grid_1 .w-grid-list{margin-top:0.5rem}@media (max-width:1199px){#us_grid_1 .w-grid-item{width:33.3333%}}@media (max-width:899px){#us_grid_1 .w-grid-item{width:50%}}@media (max-width:599px){#us_grid_1 .w-grid-list{margin:0}#us_grid_1 .w-grid-item{width:100%;padding:0;margin-bottom:0.5rem}}.layout_8418 .w-grid-item-h{}.layout_8418 .usg_post_title_1{text-align:center!important;text-transform:uppercase!important;font-size:16px!important;line-height:1!important;min-height:66px!important;padding-top:15px!important;padding-bottom:15px!important}<\/style><div class=\"w-grid-list\">\t<article class=\"w-grid-item size_1x1 post-8395 product type-product status-publish has-post-thumbnail product_cat-productos-especiales first instock shipping-taxable product-type-simple\" data-id=\"8395\">\n\t\t<div class=\"w-grid-item-h\">\n\t\t\t\t\t\t\t<a class=\"w-grid-item-anchor\" href=\"https:\/\/acinsumos.cl\/index.php\/producto\/silenciadores-de-venteo\/\" rel=\"bookmark\" aria-label=\"SILENCIADORES DE VENTEO\"><\/a>\n\t\t\t\t\t\t<div class=\"w-post-elm post_image usg_post_image_1 stretched\"><img loading=\"lazy\" decoding=\"async\" width=\"300\" height=\"300\" src=\"https:\/\/acinsumos.cl\/wp-content\/uploads\/2022\/06\/Silenciadores-de-Venteo-300x300.jpg\" class=\"attachment-shop_catalog size-shop_catalog wp-post-image\" alt=\"\" srcset=\"https:\/\/acinsumos.cl\/wp-content\/uploads\/2022\/06\/Silenciadores-de-Venteo-300x300.jpg 300w, https:\/\/acinsumos.cl\/wp-content\/uploads\/2022\/06\/Silenciadores-de-Venteo-150x150.jpg 150w\" sizes=\"(max-width: 300px) 100vw, 300px\" \/><\/div><h2 class=\"w-post-elm post_title usg_post_title_1 align_center woocommerce-loop-product__title color_link_inherit\">SILENCIADORES DE VENTEO<\/h2><div class=\"w-btn-wrapper woocommerce usg_add_to_cart_1 no_view_cart_link\"><span id=\"woocommerce_loop_add_to_cart_link_describedby_8395\" class=\"screen-reader-text\">\n\t<\/span>\n<\/div><div class=\"w-html usg_html_1\">\n<div class=\"yith-ywraq-add-to-quote add-to-quote-8395\" >\n        <div class=\"yith-ywraq-add-button show\" style=\"display:block\" data-product_id=\"8395\" >\n        \n<a href=\"#\" class=\"add-request-quote-button button\" data-product_id=\"8395\" data-wp_nonce=\"d018ff09df\">\n    A\u00f1adir al presupuesto<\/a>\n    <\/div>\n    <div class=\"yith_ywraq_add_item_response-8395 yith_ywraq_add_item_response_message hide hide-when-removed\" data-product_id=\"8395\" style=\"display:none\">Este producto ya est\u00e1 en tu lista de solicitudes de presupuesto.<\/div>\n    <div class=\"yith_ywraq_add_item_browse-list-8395 yith_ywraq_add_item_browse_message  hide hide-when-removed\" style=\"display:none\" data-product_id=\"8395\" ><a href=\"https:\/\/acinsumos.cl\/index.php\/request-quote\/\">Ver el carro cotizador<\/a><\/div>\n    <div class=\"yith_ywraq_add_item_product-response-8395 yith_ywraq_add_item_product_message hide hide-when-removed\" style=\"display:'none'\" data-product_id=\"8395\" ><\/div>\n<\/div>\n\n<div class=\"clear\"><\/div>\n<\/div>\t\t<\/div>\n\t<\/article>\n\t<article class=\"w-grid-item size_1x1 post-8397 product type-product status-publish has-post-thumbnail product_cat-productos-especiales  instock shipping-taxable product-type-simple\" data-id=\"8397\">\n\t\t<div class=\"w-grid-item-h\">\n\t\t\t\t\t\t\t<a class=\"w-grid-item-anchor\" href=\"https:\/\/acinsumos.cl\/index.php\/producto\/cabinas-acusticas\/\" rel=\"bookmark\" aria-label=\"Cabinas Ac\u00fasticas\"><\/a>\n\t\t\t\t\t\t<div class=\"w-post-elm post_image usg_post_image_1 stretched\"><img loading=\"lazy\" decoding=\"async\" width=\"300\" height=\"300\" src=\"https:\/\/acinsumos.cl\/wp-content\/uploads\/2022\/06\/Cabinas-Acusticas-300x300.jpg\" class=\"attachment-shop_catalog size-shop_catalog wp-post-image\" alt=\"\" \/><\/div><h2 class=\"w-post-elm post_title usg_post_title_1 align_center woocommerce-loop-product__title color_link_inherit\">Cabinas Ac\u00fasticas<\/h2><div class=\"w-btn-wrapper woocommerce usg_add_to_cart_1 no_view_cart_link\"><span id=\"woocommerce_loop_add_to_cart_link_describedby_8397\" class=\"screen-reader-text\">\n\t<\/span>\n<\/div><div class=\"w-html usg_html_1\">\n<div class=\"yith-ywraq-add-to-quote add-to-quote-8397\" >\n        <div class=\"yith-ywraq-add-button show\" style=\"display:block\" data-product_id=\"8397\" >\n        \n<a href=\"#\" class=\"add-request-quote-button button\" data-product_id=\"8397\" data-wp_nonce=\"3dae74c7c6\">\n    A\u00f1adir al presupuesto<\/a>\n    <\/div>\n    <div class=\"yith_ywraq_add_item_response-8397 yith_ywraq_add_item_response_message hide hide-when-removed\" data-product_id=\"8397\" style=\"display:none\">Este producto ya est\u00e1 en tu lista de solicitudes de presupuesto.<\/div>\n    <div class=\"yith_ywraq_add_item_browse-list-8397 yith_ywraq_add_item_browse_message  hide hide-when-removed\" style=\"display:none\" data-product_id=\"8397\" ><a href=\"https:\/\/acinsumos.cl\/index.php\/request-quote\/\">Ver el carro cotizador<\/a><\/div>\n    <div class=\"yith_ywraq_add_item_product-response-8397 yith_ywraq_add_item_product_message hide hide-when-removed\" style=\"display:'none'\" data-product_id=\"8397\" ><\/div>\n<\/div>\n\n<div class=\"clear\"><\/div>\n<\/div>\t\t<\/div>\n\t<\/article>\n\t<article class=\"w-grid-item size_1x1 post-8398 product type-product status-publish has-post-thumbnail product_cat-productos-especiales  instock shipping-taxable product-type-simple\" data-id=\"8398\">\n\t\t<div class=\"w-grid-item-h\">\n\t\t\t\t\t\t\t<a class=\"w-grid-item-anchor\" href=\"https:\/\/acinsumos.cl\/index.php\/producto\/bafles-absorventes\/\" rel=\"bookmark\" aria-label=\"Bafles Absorbentes\"><\/a>\n\t\t\t\t\t\t<div class=\"w-post-elm post_image usg_post_image_1 stretched\"><img loading=\"lazy\" decoding=\"async\" width=\"300\" height=\"300\" src=\"https:\/\/acinsumos.cl\/wp-content\/uploads\/2022\/06\/Bafles-Absorbentes-300x300.jpg\" class=\"attachment-shop_catalog size-shop_catalog wp-post-image\" alt=\"\" \/><\/div><h2 class=\"w-post-elm post_title usg_post_title_1 align_center woocommerce-loop-product__title color_link_inherit\">Bafles Absorbentes<\/h2><div class=\"w-btn-wrapper woocommerce usg_add_to_cart_1 no_view_cart_link\"><span id=\"woocommerce_loop_add_to_cart_link_describedby_8398\" class=\"screen-reader-text\">\n\t<\/span>\n<\/div><div class=\"w-html usg_html_1\">\n<div class=\"yith-ywraq-add-to-quote add-to-quote-8398\" >\n        <div class=\"yith-ywraq-add-button show\" style=\"display:block\" data-product_id=\"8398\" >\n        \n<a href=\"#\" class=\"add-request-quote-button button\" data-product_id=\"8398\" data-wp_nonce=\"d478c71e4a\">\n    A\u00f1adir al presupuesto<\/a>\n    <\/div>\n    <div class=\"yith_ywraq_add_item_response-8398 yith_ywraq_add_item_response_message hide hide-when-removed\" data-product_id=\"8398\" style=\"display:none\">Este producto ya est\u00e1 en tu lista de solicitudes de presupuesto.<\/div>\n    <div class=\"yith_ywraq_add_item_browse-list-8398 yith_ywraq_add_item_browse_message  hide hide-when-removed\" style=\"display:none\" data-product_id=\"8398\" ><a href=\"https:\/\/acinsumos.cl\/index.php\/request-quote\/\">Ver el carro cotizador<\/a><\/div>\n    <div class=\"yith_ywraq_add_item_product-response-8398 yith_ywraq_add_item_product_message hide hide-when-removed\" style=\"display:'none'\" data-product_id=\"8398\" ><\/div>\n<\/div>\n\n<div class=\"clear\"><\/div>\n<\/div>\t\t<\/div>\n\t<\/article>\n<\/div><div class=\"w-grid-preloader\"><div class=\"g-preloader type_1\">\n\t<div><\/div>\n<\/div>\n<\/div>\t<div class=\"w-grid-json hidden\" onclick='return {&quot;action&quot;:&quot;us_ajax_grid&quot;,&quot;ajax_url&quot;:&quot;https:\\\/\\\/acinsumos.cl\\\/wp-admin\\\/admin-ajax.php&quot;,&quot;infinite_scroll&quot;:0,&quot;max_num_pages&quot;:1,&quot;pagination&quot;:&quot;none&quot;,&quot;permalink_url&quot;:&quot;https:\\\/\\\/acinsumos.cl\\\/wp-json\\\/wp\\\/v2\\\/pages\\\/8548&quot;,&quot;template_vars&quot;:{&quot;columns&quot;:&quot;6&quot;,&quot;exclude_items&quot;:&quot;none&quot;,&quot;img_size&quot;:&quot;default&quot;,&quot;ignore_items_size&quot;:false,&quot;items_layout&quot;:&quot;8418&quot;,&quot;items_offset&quot;:&quot;1&quot;,&quot;load_animation&quot;:&quot;none&quot;,&quot;overriding_link&quot;:&quot;post&quot;,&quot;post_id&quot;:8548,&quot;query_args&quot;:{&quot;post_type&quot;:[&quot;product&quot;],&quot;tax_query&quot;:[{&quot;taxonomy&quot;:&quot;product_cat&quot;,&quot;field&quot;:&quot;slug&quot;,&quot;terms&quot;:[&quot;productos-especiales&quot;]},{&quot;taxonomy&quot;:&quot;product_visibility&quot;,&quot;field&quot;:&quot;slug&quot;,&quot;terms&quot;:[&quot;exclude-from-catalog&quot;],&quot;operator&quot;:&quot;NOT IN&quot;}],&quot;post_status&quot;:[&quot;publish&quot;,&quot;wc-ywraq-new&quot;,&quot;wc-ywraq-pending&quot;,&quot;wc-ywraq-expired&quot;,&quot;wc-ywraq-accepted&quot;,&quot;wc-ywraq-rejected&quot;],&quot;meta_query&quot;:[],&quot;posts_per_page&quot;:&quot;50&quot;},&quot;orderby_query_args&quot;:{&quot;orderby&quot;:{&quot;modified&quot;:&quot;ASC&quot;,&quot;date&quot;:&quot;ASC&quot;}},&quot;type&quot;:&quot;grid&quot;,&quot;us_grid_ajax_index&quot;:1,&quot;us_grid_filter_params&quot;:null,&quot;us_grid_index&quot;:1,&quot;_us_grid_post_type&quot;:&quot;product&quot;}}'><\/div>\n\t<\/div><\/div><\/div><\/div><\/div><\/section>\n","protected":false},"excerpt":{"rendered":"Los bafles absorbentes se agrupan como productos orientados al acondicionamiento ac\u00fastico, defini\u00e9ndose m\u00e1s espec\u00edficamente como elementos modulares que ofrecen excelentes propiedades para la absorci\u00f3n del ruido en el interior de los espacios. Si bien es cierto que los techos absorbentes continuos son la opci\u00f3n m\u00e1s utilizada para este tipo de casos, tambi\u00e9n es cierto que...","protected":false},"author":2,"featured_media":0,"parent":0,"menu_order":0,"comment_status":"closed","ping_status":"closed","template":"","meta":{"om_disable_all_campaigns":false,"_monsterinsights_skip_tracking":false,"_monsterinsights_sitenote_active":false,"_monsterinsights_sitenote_note":"","_monsterinsights_sitenote_category":0,"footnotes":""},"aioseo_notices":[],"_links":{"self":[{"href":"https:\/\/acinsumos.cl\/index.php\/wp-json\/wp\/v2\/pages\/8548"}],"collection":[{"href":"https:\/\/acinsumos.cl\/index.php\/wp-json\/wp\/v2\/pages"}],"about":[{"href":"https:\/\/acinsumos.cl\/index.php\/wp-json\/wp\/v2\/types\/page"}],"author":[{"embeddable":true,"href":"https:\/\/acinsumos.cl\/index.php\/wp-json\/wp\/v2\/users\/2"}],"replies":[{"embeddable":true,"href":"https:\/\/acinsumos.cl\/index.php\/wp-json\/wp\/v2\/comments?post=8548"}],"version-history":[{"count":2,"href":"https:\/\/acinsumos.cl\/index.php\/wp-json\/wp\/v2\/pages\/8548\/revisions"}],"predecessor-version":[{"id":8550,"href":"https:\/\/acinsumos.cl\/index.php\/wp-json\/wp\/v2\/pages\/8548\/revisions\/8550"}],"wp:attachment":[{"href":"https:\/\/acinsumos.cl\/index.php\/wp-json\/wp\/v2\/media?parent=8548"}],"curies":[{"name":"wp","href":"https:\/\/api.w.org\/{rel}","templated":true}]}}