{"id":8173,"date":"2022-06-13T14:57:12","date_gmt":"2022-06-13T14:57:12","guid":{"rendered":"http:\/\/acinsumos.srtv.cl\/?post_type=product&#038;p=8173"},"modified":"2023-06-30T05:49:29","modified_gmt":"2023-06-30T05:49:29","slug":"biombos-acusticos","status":"publish","type":"product","link":"https:\/\/acinsumos.cl\/index.php\/producto\/biombos-acusticos\/","title":{"rendered":"Biombos Ac\u00fasticos M\u00f3viles"},"content":{"rendered":"<p>En AC Insumos canalizamos todos los recursos en el dise\u00f1o, desarrollo y distribuci\u00f3n de soluciones ac\u00fasticas que no s\u00f3lo \u00abcumplan\u00bb expectativas, sino que las superen. Esta matriz ha configurado y condicionado la fabricaci\u00f3n de productos emblem\u00e1ticos como los biombos ac\u00fasticos.<\/p>\n<p>La multimodularidad (la disposici\u00f3n de varios m\u00f3dulos) de estos biombos permite la configuraci\u00f3n o el despliegue de varias relaciones funcionales (por ejemplo, aislante-absorbente) de acuerdo con el grado de atenuaci\u00f3n deseado.<\/p>\n<p>Por otra parte, los biombos ac\u00fasticos incorporan ruedas en su extremo inferior, siendo una gran caracter\u00edstica de valor agregado que facilita el desplazamiento de estas estructuras para un mayor grado de comodidad en las instalaciones.<\/p>\n","protected":false},"excerpt":{"rendered":"<p>Dimensiones: Ancho: 1000 mm \u2013 Largo: m\u00e1ximo 3000 mm.<\/p>\n","protected":false},"featured_media":8766,"comment_status":"open","ping_status":"closed","template":"","meta":{"om_disable_all_campaigns":false,"_monsterinsights_skip_tracking":false,"_monsterinsights_sitenote_active":false,"_monsterinsights_sitenote_note":"","_monsterinsights_sitenote_category":0},"product_cat":[75,74],"product_tag":[],"aioseo_notices":[],"_links":{"self":[{"href":"https:\/\/acinsumos.cl\/index.php\/wp-json\/wp\/v2\/product\/8173"}],"collection":[{"href":"https:\/\/acinsumos.cl\/index.php\/wp-json\/wp\/v2\/product"}],"about":[{"href":"https:\/\/acinsumos.cl\/index.php\/wp-json\/wp\/v2\/types\/product"}],"replies":[{"embeddable":true,"href":"https:\/\/acinsumos.cl\/index.php\/wp-json\/wp\/v2\/comments?post=8173"}],"wp:featuredmedia":[{"embeddable":true,"href":"https:\/\/acinsumos.cl\/index.php\/wp-json\/wp\/v2\/media\/8766"}],"wp:attachment":[{"href":"https:\/\/acinsumos.cl\/index.php\/wp-json\/wp\/v2\/media?parent=8173"}],"wp:term":[{"taxonomy":"product_cat","embeddable":true,"href":"https:\/\/acinsumos.cl\/index.php\/wp-json\/wp\/v2\/product_cat?post=8173"},{"taxonomy":"product_tag","embeddable":true,"href":"https:\/\/acinsumos.cl\/index.php\/wp-json\/wp\/v2\/product_tag?post=8173"}],"curies":[{"name":"wp","href":"https:\/\/api.w.org\/{rel}","templated":true}]}}