{"id":8180,"date":"2022-06-13T15:13:27","date_gmt":"2022-06-13T15:13:27","guid":{"rendered":"http:\/\/acinsumos.srtv.cl\/?post_type=product&#038;p=8180"},"modified":"2023-06-30T05:48:46","modified_gmt":"2023-06-30T05:48:46","slug":"paneles-acusticos-perforados","status":"publish","type":"product","link":"https:\/\/acinsumos.cl\/index.php\/producto\/paneles-acusticos-perforados\/","title":{"rendered":"Revestimiento Absorbente Perforados"},"content":{"rendered":"<p>Un coste comparativamente barato y la posibilidad de conseguir niveles espec\u00edficos de correcci\u00f3n ac\u00fastica son el fundamento funcional de los paneles ac\u00fasticos perforados, posicion\u00e1ndose como una de las opciones m\u00e1s competitivas en el mercado.<\/p>\n<p>Este tipo de soluciones son ampliamente utilizadas en recintos universitarios, salas de conferencia y todo tipo de \u00e1reas orientadas a la exposici\u00f3n en p\u00fablico, puesto que los paneles ac\u00fasticos perforados mitigan los defectos ac\u00fasticos como la reverberaci\u00f3n.<\/p>\n<p>B\u00e1sicamente, los paneles ac\u00fasticos perforados ofrecen reflexi\u00f3n, absorci\u00f3n y transmisi\u00f3n de las ondas sonoras. Estas variables pueden modificarse de acuerdo con las necesidades del cliente y las mismas caracter\u00edsticas del lugar de aplicaci\u00f3n.<\/p>\n","protected":false},"excerpt":{"rendered":"<p>Un coste comparativamente barato y la posibilidad de conseguir niveles espec\u00edficos de correcci\u00f3n ac\u00fastica son el fundamento funcional de los paneles ac\u00fasticos perforados, posicion\u00e1ndose como una de las opciones m\u00e1s competitivas en el mercado. Este tipo de soluciones son ampliamente utilizadas en recintos universitarios, salas de conferencia y todo tipo de \u00e1reas orientadas a la&#8230;<\/p>\n","protected":false},"featured_media":8308,"comment_status":"open","ping_status":"closed","template":"","meta":{"om_disable_all_campaigns":false,"_monsterinsights_skip_tracking":false,"_monsterinsights_sitenote_active":false,"_monsterinsights_sitenote_note":"","_monsterinsights_sitenote_category":0},"product_cat":[75,74],"product_tag":[],"aioseo_notices":[],"_links":{"self":[{"href":"https:\/\/acinsumos.cl\/index.php\/wp-json\/wp\/v2\/product\/8180"}],"collection":[{"href":"https:\/\/acinsumos.cl\/index.php\/wp-json\/wp\/v2\/product"}],"about":[{"href":"https:\/\/acinsumos.cl\/index.php\/wp-json\/wp\/v2\/types\/product"}],"replies":[{"embeddable":true,"href":"https:\/\/acinsumos.cl\/index.php\/wp-json\/wp\/v2\/comments?post=8180"}],"wp:featuredmedia":[{"embeddable":true,"href":"https:\/\/acinsumos.cl\/index.php\/wp-json\/wp\/v2\/media\/8308"}],"wp:attachment":[{"href":"https:\/\/acinsumos.cl\/index.php\/wp-json\/wp\/v2\/media?parent=8180"}],"wp:term":[{"taxonomy":"product_cat","embeddable":true,"href":"https:\/\/acinsumos.cl\/index.php\/wp-json\/wp\/v2\/product_cat?post=8180"},{"taxonomy":"product_tag","embeddable":true,"href":"https:\/\/acinsumos.cl\/index.php\/wp-json\/wp\/v2\/product_tag?post=8180"}],"curies":[{"name":"wp","href":"https:\/\/api.w.org\/{rel}","templated":true}]}}