{"id":8207,"date":"2022-06-13T16:04:45","date_gmt":"2022-06-13T16:04:45","guid":{"rendered":"http:\/\/acinsumos.srtv.cl\/?post_type=product&#038;p=8207"},"modified":"2022-08-09T22:03:59","modified_gmt":"2022-08-09T22:03:59","slug":"silenciadores-escape","status":"publish","type":"product","link":"https:\/\/acinsumos.cl\/index.php\/producto\/silenciadores-escape\/","title":{"rendered":"Silenciadores Escape"},"content":{"rendered":"<p>La descarga o escape de gases de las aplicaciones industriales pueden tener un alto nivel de contaminaci\u00f3n sonora, de manera que se requiere la implementaci\u00f3n de mecanismos atenuadores, siendo muy comunes los silenciadores de escape.<\/p>\n<p>La interesante f\u00edsica de estos silenciadores est\u00e1 determinada por el funcionamiento combinado de c\u00e1maras de expansi\u00f3n interna que se encargan de adaptar los vol\u00famenes en funci\u00f3n de los objetivos espec\u00edficos de aislamiento ac\u00fastico.<\/p>\n<p>Con aplicaciones tradicionales en motores de combusti\u00f3n interna y salas generadores de gases, los silenciadores de escape entregan el m\u00e1ximo rendimiento en virtud de cualidades adicionales como material aislante de certificaci\u00f3n internacional y revestimientos de primera categor\u00eda.<\/p>\n","protected":false},"excerpt":{"rendered":"<p>La descarga o escape de gases de las aplicaciones industriales pueden tener un alto nivel de contaminaci\u00f3n sonora, de manera que se requiere la implementaci\u00f3n de mecanismos atenuadores, siendo muy comunes los silenciadores de escape. La interesante f\u00edsica de estos silenciadores est\u00e1 determinada por el funcionamiento combinado de c\u00e1maras de expansi\u00f3n interna que se encargan&#8230;<\/p>\n","protected":false},"featured_media":8208,"comment_status":"open","ping_status":"closed","template":"","meta":{"om_disable_all_campaigns":false,"_monsterinsights_skip_tracking":false,"_monsterinsights_sitenote_active":false,"_monsterinsights_sitenote_note":"","_monsterinsights_sitenote_category":0},"product_cat":[75,74],"product_tag":[],"aioseo_notices":[],"_links":{"self":[{"href":"https:\/\/acinsumos.cl\/index.php\/wp-json\/wp\/v2\/product\/8207"}],"collection":[{"href":"https:\/\/acinsumos.cl\/index.php\/wp-json\/wp\/v2\/product"}],"about":[{"href":"https:\/\/acinsumos.cl\/index.php\/wp-json\/wp\/v2\/types\/product"}],"replies":[{"embeddable":true,"href":"https:\/\/acinsumos.cl\/index.php\/wp-json\/wp\/v2\/comments?post=8207"}],"wp:featuredmedia":[{"embeddable":true,"href":"https:\/\/acinsumos.cl\/index.php\/wp-json\/wp\/v2\/media\/8208"}],"wp:attachment":[{"href":"https:\/\/acinsumos.cl\/index.php\/wp-json\/wp\/v2\/media?parent=8207"}],"wp:term":[{"taxonomy":"product_cat","embeddable":true,"href":"https:\/\/acinsumos.cl\/index.php\/wp-json\/wp\/v2\/product_cat?post=8207"},{"taxonomy":"product_tag","embeddable":true,"href":"https:\/\/acinsumos.cl\/index.php\/wp-json\/wp\/v2\/product_tag?post=8207"}],"curies":[{"name":"wp","href":"https:\/\/api.w.org\/{rel}","templated":true}]}}