{"id":8219,"date":"2022-06-13T16:17:58","date_gmt":"2022-06-13T16:17:58","guid":{"rendered":"http:\/\/acinsumos.srtv.cl\/?post_type=product&#038;p=8219"},"modified":"2022-08-10T13:11:43","modified_gmt":"2022-08-10T13:11:43","slug":"revestimiento-ductos","status":"publish","type":"product","link":"https:\/\/acinsumos.cl\/index.php\/producto\/revestimiento-ductos\/","title":{"rendered":"REVESTIMIENTO DUCTOS"},"content":{"rendered":"<p>AC Insumos se ha especializado en el revestimiento de ductos con el prop\u00f3sito de entregar soluciones t\u00e9rmicas y ac\u00fasticas para la industria, tanto para requerimientos intr\u00ednsecos de los procesos como para eficientizar el consumo de energ\u00eda.<\/p>\n<p>En ese sentido, el dise\u00f1o del revestimiento de un ducto puede orientarse desde un punto de vista t\u00e9rmico, en el que el objetivo primario es la distribuci\u00f3n uniforme de la temperatura para evitar la formaci\u00f3n de los llamados puentes t\u00e9rmicos.<\/p>\n<p>Tambi\u00e9n se lleva a cabo el revestimiento de un ducto desde un punto de vista ac\u00fastico, en donde el objetivo primario es el simple aislamiento. A nivel exterior, en ambos casos, el recubrimiento est\u00e1 pensado para proteger contra las inclemencias clim\u00e1ticas.<\/p>\n","protected":false},"excerpt":{"rendered":"<p>AC Insumos se ha especializado en el revestimiento de ductos con el prop\u00f3sito de entregar soluciones t\u00e9rmicas y ac\u00fasticas para la industria, tanto para requerimientos intr\u00ednsecos de los procesos como para eficientizar el consumo de energ\u00eda. En ese sentido, el dise\u00f1o del revestimiento de un ducto puede orientarse desde un punto de vista t\u00e9rmico, en&#8230;<\/p>\n","protected":false},"featured_media":8220,"comment_status":"open","ping_status":"closed","template":"","meta":{"om_disable_all_campaigns":false,"_monsterinsights_skip_tracking":false,"_monsterinsights_sitenote_active":false,"_monsterinsights_sitenote_note":"","_monsterinsights_sitenote_category":0},"product_cat":[75,74],"product_tag":[],"aioseo_notices":[],"_links":{"self":[{"href":"https:\/\/acinsumos.cl\/index.php\/wp-json\/wp\/v2\/product\/8219"}],"collection":[{"href":"https:\/\/acinsumos.cl\/index.php\/wp-json\/wp\/v2\/product"}],"about":[{"href":"https:\/\/acinsumos.cl\/index.php\/wp-json\/wp\/v2\/types\/product"}],"replies":[{"embeddable":true,"href":"https:\/\/acinsumos.cl\/index.php\/wp-json\/wp\/v2\/comments?post=8219"}],"wp:featuredmedia":[{"embeddable":true,"href":"https:\/\/acinsumos.cl\/index.php\/wp-json\/wp\/v2\/media\/8220"}],"wp:attachment":[{"href":"https:\/\/acinsumos.cl\/index.php\/wp-json\/wp\/v2\/media?parent=8219"}],"wp:term":[{"taxonomy":"product_cat","embeddable":true,"href":"https:\/\/acinsumos.cl\/index.php\/wp-json\/wp\/v2\/product_cat?post=8219"},{"taxonomy":"product_tag","embeddable":true,"href":"https:\/\/acinsumos.cl\/index.php\/wp-json\/wp\/v2\/product_tag?post=8219"}],"curies":[{"name":"wp","href":"https:\/\/api.w.org\/{rel}","templated":true}]}}