{"id":8250,"date":"2022-06-13T16:44:26","date_gmt":"2022-06-13T16:44:26","guid":{"rendered":"http:\/\/acinsumos.srtv.cl\/?post_type=product&#038;p=8250"},"modified":"2022-08-09T22:10:26","modified_gmt":"2022-08-09T22:10:26","slug":"puertas-y-portones-acusticos","status":"publish","type":"product","link":"https:\/\/acinsumos.cl\/index.php\/producto\/puertas-y-portones-acusticos\/","title":{"rendered":"Puertas y Portones Ac\u00fasticos"},"content":{"rendered":"<p>Las puertas y los portones ac\u00fasticos est\u00e1n fabricados con materiales de gran calibre que proporcionan un excelente rendimiento sonoro en las instalaciones de peque\u00f1o, mediano y grande tama\u00f1o que requieren regulaci\u00f3n ac\u00fastica.<\/p>\n<p>En AC Insumos incorporamos los requerimientos de nuestros clientes en los procesos de dise\u00f1o y fabricaci\u00f3n de las soluciones de ingenier\u00eda, de manera que las puertas y portones ac\u00fasticos pueden ser fabricados completamente a la medida.<\/p>\n<p>Algunas caracter\u00edsticas estructurales de estas puertas y portones ac\u00fasticos contemplan los sellos herm\u00e9ticos perimetrales y el herraje\/quincaller\u00eda de tipo pesado o <em>Heavy Duty<\/em>, con debida aplicaci\u00f3n desde un punto de vista industrial.<\/p>\n","protected":false},"excerpt":{"rendered":"<p>Las puertas y los portones ac\u00fasticos est\u00e1n fabricados con materiales de gran calibre que proporcionan un excelente rendimiento sonoro en las instalaciones de peque\u00f1o, mediano y grande tama\u00f1o que requieren regulaci\u00f3n ac\u00fastica. En AC Insumos incorporamos los requerimientos de nuestros clientes en los procesos de dise\u00f1o y fabricaci\u00f3n de las soluciones de ingenier\u00eda, de manera&#8230;<\/p>\n","protected":false},"featured_media":8251,"comment_status":"open","ping_status":"closed","template":"","meta":{"om_disable_all_campaigns":false,"_monsterinsights_skip_tracking":false,"_monsterinsights_sitenote_active":false,"_monsterinsights_sitenote_note":"","_monsterinsights_sitenote_category":0},"product_cat":[75,74],"product_tag":[],"aioseo_notices":[],"_links":{"self":[{"href":"https:\/\/acinsumos.cl\/index.php\/wp-json\/wp\/v2\/product\/8250"}],"collection":[{"href":"https:\/\/acinsumos.cl\/index.php\/wp-json\/wp\/v2\/product"}],"about":[{"href":"https:\/\/acinsumos.cl\/index.php\/wp-json\/wp\/v2\/types\/product"}],"replies":[{"embeddable":true,"href":"https:\/\/acinsumos.cl\/index.php\/wp-json\/wp\/v2\/comments?post=8250"}],"wp:featuredmedia":[{"embeddable":true,"href":"https:\/\/acinsumos.cl\/index.php\/wp-json\/wp\/v2\/media\/8251"}],"wp:attachment":[{"href":"https:\/\/acinsumos.cl\/index.php\/wp-json\/wp\/v2\/media?parent=8250"}],"wp:term":[{"taxonomy":"product_cat","embeddable":true,"href":"https:\/\/acinsumos.cl\/index.php\/wp-json\/wp\/v2\/product_cat?post=8250"},{"taxonomy":"product_tag","embeddable":true,"href":"https:\/\/acinsumos.cl\/index.php\/wp-json\/wp\/v2\/product_tag?post=8250"}],"curies":[{"name":"wp","href":"https:\/\/api.w.org\/{rel}","templated":true}]}}