{"id":8257,"date":"2022-06-13T17:00:05","date_gmt":"2022-06-13T17:00:05","guid":{"rendered":"http:\/\/acinsumos.srtv.cl\/?post_type=product&#038;p=8257"},"modified":"2022-08-09T22:12:00","modified_gmt":"2022-08-09T22:12:00","slug":"pantallas-acusticas-suministro","status":"publish","type":"product","link":"https:\/\/acinsumos.cl\/index.php\/producto\/pantallas-acusticas-suministro\/","title":{"rendered":"Pantallas Ac\u00fasticas Suministro"},"content":{"rendered":"<p>El suministro de pantallas ac\u00fasticas debe concebirse a partir de la noci\u00f3n de que estas pantallas tambi\u00e9n se conocen como barreras y act\u00faan tal cual: a\u00edslan un entorno espec\u00edfico de los ruidos provenientes del exterior (difracci\u00f3n).<\/p>\n<p>En AC Insumos nos especializamos en la ingenier\u00eda ac\u00fastica y el dise\u00f1o de soluciones vanguardistas adaptadas a las necesidades contempor\u00e1neas y extempor\u00e1neas, incluyendo el suministro de pantallas ac\u00fasticas.<\/p>\n<p>Por la naturaleza funcional y el dise\u00f1o de estas pantallas ac\u00fasticas, su suministro est\u00e1 especialmente pensado para sistemas de refrigeraci\u00f3n, salas industriales y equipos de climatizaci\u00f3n.<\/p>\n","protected":false},"excerpt":{"rendered":"<p>El suministro de pantallas ac\u00fasticas debe concebirse a partir de la noci\u00f3n de que estas pantallas tambi\u00e9n se conocen como barreras y act\u00faan tal cual: a\u00edslan un entorno espec\u00edfico de los ruidos provenientes del exterior (difracci\u00f3n). En AC Insumos nos especializamos en la ingenier\u00eda ac\u00fastica y el dise\u00f1o de soluciones vanguardistas adaptadas a las necesidades&#8230;<\/p>\n","protected":false},"featured_media":8258,"comment_status":"open","ping_status":"closed","template":"","meta":{"om_disable_all_campaigns":false,"_monsterinsights_skip_tracking":false,"_monsterinsights_sitenote_active":false,"_monsterinsights_sitenote_note":"","_monsterinsights_sitenote_category":0},"product_cat":[75,74],"product_tag":[],"aioseo_notices":[],"_links":{"self":[{"href":"https:\/\/acinsumos.cl\/index.php\/wp-json\/wp\/v2\/product\/8257"}],"collection":[{"href":"https:\/\/acinsumos.cl\/index.php\/wp-json\/wp\/v2\/product"}],"about":[{"href":"https:\/\/acinsumos.cl\/index.php\/wp-json\/wp\/v2\/types\/product"}],"replies":[{"embeddable":true,"href":"https:\/\/acinsumos.cl\/index.php\/wp-json\/wp\/v2\/comments?post=8257"}],"wp:featuredmedia":[{"embeddable":true,"href":"https:\/\/acinsumos.cl\/index.php\/wp-json\/wp\/v2\/media\/8258"}],"wp:attachment":[{"href":"https:\/\/acinsumos.cl\/index.php\/wp-json\/wp\/v2\/media?parent=8257"}],"wp:term":[{"taxonomy":"product_cat","embeddable":true,"href":"https:\/\/acinsumos.cl\/index.php\/wp-json\/wp\/v2\/product_cat?post=8257"},{"taxonomy":"product_tag","embeddable":true,"href":"https:\/\/acinsumos.cl\/index.php\/wp-json\/wp\/v2\/product_tag?post=8257"}],"curies":[{"name":"wp","href":"https:\/\/api.w.org\/{rel}","templated":true}]}}