{"id":8373,"date":"2022-06-17T16:06:25","date_gmt":"2022-06-17T16:06:25","guid":{"rendered":"http:\/\/acinsumos.srtv.cl\/?post_type=product&#038;p=8373"},"modified":"2022-08-09T22:26:38","modified_gmt":"2022-08-09T22:26:38","slug":"rubber-sleeve","status":"publish","type":"product","link":"https:\/\/acinsumos.cl\/index.php\/producto\/rubber-sleeve\/","title":{"rendered":"Rubber Sleeve"},"content":{"rendered":"<p>Los \u00abmanguitos\u00bb o revestimientos de goma (conocidos por su acepci\u00f3n anglosajona <em>rubber sleeve<\/em>) son insumos de miner\u00eda y operaciones industriales pesadas que desempe\u00f1an funciones de sellado (juntas) y aislaci\u00f3n.<\/p>\n<p>El caucho duro o goma de los <em>rubber sleeves <\/em>ofrece una excepcional resistencia contra las fuerzas mec\u00e1nicas como la compresi\u00f3n y los agentes externos como la humedad y la radiaci\u00f3n ultravioleta, con lo cual est\u00e1 asegurado su \u00f3ptimo rendimiento.<\/p>\n<p>Su alargamiento y su resistencia al desgarro tambi\u00e9n son ventajas clar\u00edsimas de los <em>rubber sleeve<\/em>. En definitiva, son elementos de aplicaci\u00f3n industrial que cuentan con los requerimientos adecuados para los ritmos de la industria nacional.<\/p>\n","protected":false},"excerpt":{"rendered":"<p>Los \u00abmanguitos\u00bb o revestimientos de goma (conocidos por su acepci\u00f3n anglosajona rubber sleeve) son insumos de miner\u00eda y operaciones industriales pesadas que desempe\u00f1an funciones de sellado (juntas) y aislaci\u00f3n. El caucho duro o goma de los rubber sleeves ofrece una excepcional resistencia contra las fuerzas mec\u00e1nicas como la compresi\u00f3n y los agentes externos como la&#8230;<\/p>\n","protected":false},"featured_media":8374,"comment_status":"open","ping_status":"closed","template":"","meta":{"om_disable_all_campaigns":false,"_monsterinsights_skip_tracking":false,"_monsterinsights_sitenote_active":false,"_monsterinsights_sitenote_note":"","_monsterinsights_sitenote_category":0},"product_cat":[78],"product_tag":[],"aioseo_notices":[],"_links":{"self":[{"href":"https:\/\/acinsumos.cl\/index.php\/wp-json\/wp\/v2\/product\/8373"}],"collection":[{"href":"https:\/\/acinsumos.cl\/index.php\/wp-json\/wp\/v2\/product"}],"about":[{"href":"https:\/\/acinsumos.cl\/index.php\/wp-json\/wp\/v2\/types\/product"}],"replies":[{"embeddable":true,"href":"https:\/\/acinsumos.cl\/index.php\/wp-json\/wp\/v2\/comments?post=8373"}],"wp:featuredmedia":[{"embeddable":true,"href":"https:\/\/acinsumos.cl\/index.php\/wp-json\/wp\/v2\/media\/8374"}],"wp:attachment":[{"href":"https:\/\/acinsumos.cl\/index.php\/wp-json\/wp\/v2\/media?parent=8373"}],"wp:term":[{"taxonomy":"product_cat","embeddable":true,"href":"https:\/\/acinsumos.cl\/index.php\/wp-json\/wp\/v2\/product_cat?post=8373"},{"taxonomy":"product_tag","embeddable":true,"href":"https:\/\/acinsumos.cl\/index.php\/wp-json\/wp\/v2\/product_tag?post=8373"}],"curies":[{"name":"wp","href":"https:\/\/api.w.org\/{rel}","templated":true}]}}