{"id":8375,"date":"2022-06-17T16:16:11","date_gmt":"2022-06-17T16:16:11","guid":{"rendered":"http:\/\/acinsumos.srtv.cl\/?post_type=product&#038;p=8375"},"modified":"2023-06-30T05:46:28","modified_gmt":"2023-06-30T05:46:28","slug":"sopapa-bomba-bean-royal-420-435-535","status":"publish","type":"product","link":"https:\/\/acinsumos.cl\/index.php\/producto\/sopapa-bomba-bean-royal-420-435-535\/","title":{"rendered":"Sopapa Bomba Lodo 420 &#8211; 435 &#8211; 535"},"content":{"rendered":"<p>La gama de insumos de miner\u00eda desarrollada y comercializada por AC Insumos incluye las \u00absopapas\u00bb para las bombas de lodo de la marca Bean Royal. \u00abSopapas\u00bb son un t\u00e9rmino usado para designar empaquetaduras cil\u00edndricas.<\/p>\n<p>De esta manera, las \u00absopapas\u00bb para bomba Bean Royal son juntas mec\u00e1nicas con dise\u00f1o cil\u00edndrico para f\u00e1cil acople a los elementos correspondientes de la bomba y que tienen la funci\u00f3n de impedir la filtraci\u00f3n o el derrame de los fluidos.<\/p>\n<p>Estas piezas se han dise\u00f1ado en consideraci\u00f3n de los par\u00e1metros correspondientes a las operaciones pesadas de miner\u00eda, tomando en cuenta asimismo la naturaleza operativa de las bombas de lodo.<\/p>\n","protected":false},"excerpt":{"rendered":"<p>La gama de insumos de miner\u00eda desarrollada y comercializada por AC Insumos incluye las \u00absopapas\u00bb para las bombas de lodo de la marca Bean Royal. \u00abSopapas\u00bb son un t\u00e9rmino usado para designar empaquetaduras cil\u00edndricas. De esta manera, las \u00absopapas\u00bb para bomba Bean Royal son juntas mec\u00e1nicas con dise\u00f1o cil\u00edndrico para f\u00e1cil acople a los elementos&#8230;<\/p>\n","protected":false},"featured_media":8376,"comment_status":"open","ping_status":"closed","template":"","meta":{"om_disable_all_campaigns":false,"_monsterinsights_skip_tracking":false,"_monsterinsights_sitenote_active":false,"_monsterinsights_sitenote_note":"","_monsterinsights_sitenote_category":0},"product_cat":[78],"product_tag":[],"aioseo_notices":[],"_links":{"self":[{"href":"https:\/\/acinsumos.cl\/index.php\/wp-json\/wp\/v2\/product\/8375"}],"collection":[{"href":"https:\/\/acinsumos.cl\/index.php\/wp-json\/wp\/v2\/product"}],"about":[{"href":"https:\/\/acinsumos.cl\/index.php\/wp-json\/wp\/v2\/types\/product"}],"replies":[{"embeddable":true,"href":"https:\/\/acinsumos.cl\/index.php\/wp-json\/wp\/v2\/comments?post=8375"}],"wp:featuredmedia":[{"embeddable":true,"href":"https:\/\/acinsumos.cl\/index.php\/wp-json\/wp\/v2\/media\/8376"}],"wp:attachment":[{"href":"https:\/\/acinsumos.cl\/index.php\/wp-json\/wp\/v2\/media?parent=8375"}],"wp:term":[{"taxonomy":"product_cat","embeddable":true,"href":"https:\/\/acinsumos.cl\/index.php\/wp-json\/wp\/v2\/product_cat?post=8375"},{"taxonomy":"product_tag","embeddable":true,"href":"https:\/\/acinsumos.cl\/index.php\/wp-json\/wp\/v2\/product_tag?post=8375"}],"curies":[{"name":"wp","href":"https:\/\/api.w.org\/{rel}","templated":true}]}}