{"id":8377,"date":"2022-06-17T16:20:08","date_gmt":"2022-06-17T16:20:08","guid":{"rendered":"http:\/\/acinsumos.srtv.cl\/?post_type=product&#038;p=8377"},"modified":"2023-06-30T05:45:22","modified_gmt":"2023-06-30T05:45:22","slug":"sopapa-con-cana-bomba-bean-royal-420-435-535","status":"publish","type":"product","link":"https:\/\/acinsumos.cl\/index.php\/producto\/sopapa-con-cana-bomba-bean-royal-420-435-535\/","title":{"rendered":"Sopapa con ca\u00f1a Bomba Lodo 420 &#8211; 435 -535"},"content":{"rendered":"<p>El desgaste, las altas temperaturas y los ritmos de operaci\u00f3n de la industria minera ponen al l\u00edmite todas las m\u00e1quinas implicadas, especialmente la bomba de lodo, las cuales requieren sellos herm\u00e9ticos como sopapas con ca\u00f1a.<\/p>\n<p>En AC Insumos colocamos a disposici\u00f3n nuestros recursos t\u00e9cnicos, log\u00edsticos y tecnol\u00f3gicos en el dise\u00f1o y elaboraci\u00f3n de repuestos industriales y mineros como la sopapa con ca\u00f1a, dise\u00f1ada para bombas de lodo marca Bean Royal.<\/p>\n<p>Al igual que su hom\u00f3loga, la sopapa con ca\u00f1a para bombas Bean Royal est\u00e1 disponible en los c\u00f3digos 420, 435 y 535. Su fabricaci\u00f3n cumple con los m\u00e1s estrictos criterios de dise\u00f1o operativo de la industria minera.<\/p>\n","protected":false},"excerpt":{"rendered":"<p>El desgaste, las altas temperaturas y los ritmos de operaci\u00f3n de la industria minera ponen al l\u00edmite todas las m\u00e1quinas implicadas, especialmente la bomba de lodo, las cuales requieren sellos herm\u00e9ticos como sopapas con ca\u00f1a. En AC Insumos colocamos a disposici\u00f3n nuestros recursos t\u00e9cnicos, log\u00edsticos y tecnol\u00f3gicos en el dise\u00f1o y elaboraci\u00f3n de repuestos industriales&#8230;<\/p>\n","protected":false},"featured_media":8378,"comment_status":"open","ping_status":"closed","template":"","meta":{"om_disable_all_campaigns":false,"_monsterinsights_skip_tracking":false,"_monsterinsights_sitenote_active":false,"_monsterinsights_sitenote_note":"","_monsterinsights_sitenote_category":0},"product_cat":[78],"product_tag":[],"aioseo_notices":[],"_links":{"self":[{"href":"https:\/\/acinsumos.cl\/index.php\/wp-json\/wp\/v2\/product\/8377"}],"collection":[{"href":"https:\/\/acinsumos.cl\/index.php\/wp-json\/wp\/v2\/product"}],"about":[{"href":"https:\/\/acinsumos.cl\/index.php\/wp-json\/wp\/v2\/types\/product"}],"replies":[{"embeddable":true,"href":"https:\/\/acinsumos.cl\/index.php\/wp-json\/wp\/v2\/comments?post=8377"}],"wp:featuredmedia":[{"embeddable":true,"href":"https:\/\/acinsumos.cl\/index.php\/wp-json\/wp\/v2\/media\/8378"}],"wp:attachment":[{"href":"https:\/\/acinsumos.cl\/index.php\/wp-json\/wp\/v2\/media?parent=8377"}],"wp:term":[{"taxonomy":"product_cat","embeddable":true,"href":"https:\/\/acinsumos.cl\/index.php\/wp-json\/wp\/v2\/product_cat?post=8377"},{"taxonomy":"product_tag","embeddable":true,"href":"https:\/\/acinsumos.cl\/index.php\/wp-json\/wp\/v2\/product_tag?post=8377"}],"curies":[{"name":"wp","href":"https:\/\/api.w.org\/{rel}","templated":true}]}}