{"id":8381,"date":"2022-06-17T16:23:30","date_gmt":"2022-06-17T16:23:30","guid":{"rendered":"http:\/\/acinsumos.srtv.cl\/?post_type=product&#038;p=8381"},"modified":"2022-08-10T13:03:01","modified_gmt":"2022-08-10T13:03:01","slug":"shut-off-valve-en-4-formatos-aq-bq-nq-hq","status":"publish","type":"product","link":"https:\/\/acinsumos.cl\/index.php\/producto\/shut-off-valve-en-4-formatos-aq-bq-nq-hq\/","title":{"rendered":"Shut-off valve"},"content":{"rendered":"<p>La seguridad de los operarios y la integridad de las maquinarias son dos objetivos fundamentales en la industria minera. Su consecuci\u00f3n se lleva a cabo a trav\u00e9s de protocolos, mecanismos y elementos de seguridad como las shut-off valves.<\/p>\n<p>F\u00e1cilmente traducibles como v\u00e1lvulas de emergencia, estos componentes est\u00e1n dise\u00f1ados para detener la circulaci\u00f3n de fluido cuando se detecta una irregularidad en el funcionamiento de la m\u00e1quina, previniendo potenciales da\u00f1os.<\/p>\n<p>Nuestras shut-off valves son usadas en aplicaciones neum\u00e1ticas, as\u00ed como en numerosas aplicaciones industriales. Su implementaci\u00f3n se ha asociado no s\u00f3lo con m\u00e1s seguridad, sino tambi\u00e9n con menos mantenimiento y menores plazos de operaci\u00f3n.<\/p>\n","protected":false},"excerpt":{"rendered":"<p>La seguridad de los operarios y la integridad de las maquinarias son dos objetivos fundamentales en la industria minera. Su consecuci\u00f3n se lleva a cabo a trav\u00e9s de protocolos, mecanismos y elementos de seguridad como las shut-off valves. F\u00e1cilmente traducibles como v\u00e1lvulas de emergencia, estos componentes est\u00e1n dise\u00f1ados para detener la circulaci\u00f3n de fluido cuando&#8230;<\/p>\n","protected":false},"featured_media":8382,"comment_status":"open","ping_status":"closed","template":"","meta":{"om_disable_all_campaigns":false,"_monsterinsights_skip_tracking":false,"_monsterinsights_sitenote_active":false,"_monsterinsights_sitenote_note":"","_monsterinsights_sitenote_category":0},"product_cat":[78],"product_tag":[],"aioseo_notices":[],"_links":{"self":[{"href":"https:\/\/acinsumos.cl\/index.php\/wp-json\/wp\/v2\/product\/8381"}],"collection":[{"href":"https:\/\/acinsumos.cl\/index.php\/wp-json\/wp\/v2\/product"}],"about":[{"href":"https:\/\/acinsumos.cl\/index.php\/wp-json\/wp\/v2\/types\/product"}],"replies":[{"embeddable":true,"href":"https:\/\/acinsumos.cl\/index.php\/wp-json\/wp\/v2\/comments?post=8381"}],"wp:featuredmedia":[{"embeddable":true,"href":"https:\/\/acinsumos.cl\/index.php\/wp-json\/wp\/v2\/media\/8382"}],"wp:attachment":[{"href":"https:\/\/acinsumos.cl\/index.php\/wp-json\/wp\/v2\/media?parent=8381"}],"wp:term":[{"taxonomy":"product_cat","embeddable":true,"href":"https:\/\/acinsumos.cl\/index.php\/wp-json\/wp\/v2\/product_cat?post=8381"},{"taxonomy":"product_tag","embeddable":true,"href":"https:\/\/acinsumos.cl\/index.php\/wp-json\/wp\/v2\/product_tag?post=8381"}],"curies":[{"name":"wp","href":"https:\/\/api.w.org\/{rel}","templated":true}]}}