{"id":8383,"date":"2022-06-17T16:24:29","date_gmt":"2022-06-17T16:24:29","guid":{"rendered":"http:\/\/acinsumos.srtv.cl\/?post_type=product&#038;p=8383"},"modified":"2022-08-10T13:04:07","modified_gmt":"2022-08-10T13:04:07","slug":"shut-off-valve-en-4-formatos-aq-bq-nq-hq-otro-material","status":"publish","type":"product","link":"https:\/\/acinsumos.cl\/index.php\/producto\/shut-off-valve-en-4-formatos-aq-bq-nq-hq-otro-material\/","title":{"rendered":"Shut-off valve otro material"},"content":{"rendered":"<p>Todos los componentes, sin excepci\u00f3n, de maquinaria industrial de operaciones pesadas deben ser fabricados con materiales certificados y altamente resistentes al desgaste. Estos criterios est\u00e1n incorporados en el dise\u00f1o y elaboraci\u00f3n de nuestras shut-off valves.<\/p>\n<p>Es importante apuntar que estas v\u00e1lvulas de cierre est\u00e1n dise\u00f1adas para actuar en situaciones de emergencia, provocando una interrupci\u00f3n en la circulaci\u00f3n del fluido y evitando en el proceso da\u00f1os en los sistemas o en los mismos operarios.<\/p>\n<p>Disponibles en cuatro formatos (AQ, BQ, NQ y HQ), estas shut-off valves est\u00e1n fabricadas en otros materiales, de manera que en AC Insumos tenemos variedad de elementos que se adaptan a los requerimientos espec\u00edficos de la industria.<\/p>\n","protected":false},"excerpt":{"rendered":"<p>Todos los componentes, sin excepci\u00f3n, de maquinaria industrial de operaciones pesadas deben ser fabricados con materiales certificados y altamente resistentes al desgaste. Estos criterios est\u00e1n incorporados en el dise\u00f1o y elaboraci\u00f3n de nuestras shut-off valves. Es importante apuntar que estas v\u00e1lvulas de cierre est\u00e1n dise\u00f1adas para actuar en situaciones de emergencia, provocando una interrupci\u00f3n en&#8230;<\/p>\n","protected":false},"featured_media":8384,"comment_status":"open","ping_status":"closed","template":"","meta":{"om_disable_all_campaigns":false,"_monsterinsights_skip_tracking":false,"_monsterinsights_sitenote_active":false,"_monsterinsights_sitenote_note":"","_monsterinsights_sitenote_category":0},"product_cat":[78],"product_tag":[],"aioseo_notices":[],"_links":{"self":[{"href":"https:\/\/acinsumos.cl\/index.php\/wp-json\/wp\/v2\/product\/8383"}],"collection":[{"href":"https:\/\/acinsumos.cl\/index.php\/wp-json\/wp\/v2\/product"}],"about":[{"href":"https:\/\/acinsumos.cl\/index.php\/wp-json\/wp\/v2\/types\/product"}],"replies":[{"embeddable":true,"href":"https:\/\/acinsumos.cl\/index.php\/wp-json\/wp\/v2\/comments?post=8383"}],"wp:featuredmedia":[{"embeddable":true,"href":"https:\/\/acinsumos.cl\/index.php\/wp-json\/wp\/v2\/media\/8384"}],"wp:attachment":[{"href":"https:\/\/acinsumos.cl\/index.php\/wp-json\/wp\/v2\/media?parent=8383"}],"wp:term":[{"taxonomy":"product_cat","embeddable":true,"href":"https:\/\/acinsumos.cl\/index.php\/wp-json\/wp\/v2\/product_cat?post=8383"},{"taxonomy":"product_tag","embeddable":true,"href":"https:\/\/acinsumos.cl\/index.php\/wp-json\/wp\/v2\/product_tag?post=8383"}],"curies":[{"name":"wp","href":"https:\/\/api.w.org\/{rel}","templated":true}]}}