{"id":8385,"date":"2022-06-17T16:36:38","date_gmt":"2022-06-17T16:36:38","guid":{"rendered":"http:\/\/acinsumos.srtv.cl\/?post_type=product&#038;p=8385"},"modified":"2022-08-10T13:05:15","modified_gmt":"2022-08-10T13:05:15","slug":"pump-in-lip-seal-en-4-formatos-aq-bq-nq-hq","status":"publish","type":"product","link":"https:\/\/acinsumos.cl\/index.php\/producto\/pump-in-lip-seal-en-4-formatos-aq-bq-nq-hq\/","title":{"rendered":"Pump-in lip seal"},"content":{"rendered":"<p>Los sellos radiales de labio listos para instalar (pump-in lip seals) se han concebido en los \u00faltimos a\u00f1os como una de las soluciones m\u00e1s competitivas en el mercado para el sellado de bombas y otros equipos de aplicaciones industriales pesadas.<\/p>\n<p>Tambi\u00e9n conocidos como sellos de eje radiales, los pump-in lip seals ofrecen un excelente rendimiento en el sellado de l\u00edquidos viscosos no abrasivos, pudiendo tener una operaci\u00f3n complementaria a los sellos mec\u00e1nicos.<\/p>\n<p>Con vastas aplicaciones en los procesos de miner\u00eda y otras operaciones industriales, nuestros pump-in lip seal aseguran una din\u00e1mica de fluido segura, minimizando la incidencia de fallos de maquinaria y accidentes.<\/p>\n","protected":false},"excerpt":{"rendered":"<p>Los sellos radiales de labio listos para instalar (pump-in lip seals) se han concebido en los \u00faltimos a\u00f1os como una de las soluciones m\u00e1s competitivas en el mercado para el sellado de bombas y otros equipos de aplicaciones industriales pesadas. Tambi\u00e9n conocidos como sellos de eje radiales, los pump-in lip seals ofrecen un excelente rendimiento&#8230;<\/p>\n","protected":false},"featured_media":8386,"comment_status":"open","ping_status":"closed","template":"","meta":{"om_disable_all_campaigns":false,"_monsterinsights_skip_tracking":false,"_monsterinsights_sitenote_active":false,"_monsterinsights_sitenote_note":"","_monsterinsights_sitenote_category":0},"product_cat":[78],"product_tag":[],"aioseo_notices":[],"_links":{"self":[{"href":"https:\/\/acinsumos.cl\/index.php\/wp-json\/wp\/v2\/product\/8385"}],"collection":[{"href":"https:\/\/acinsumos.cl\/index.php\/wp-json\/wp\/v2\/product"}],"about":[{"href":"https:\/\/acinsumos.cl\/index.php\/wp-json\/wp\/v2\/types\/product"}],"replies":[{"embeddable":true,"href":"https:\/\/acinsumos.cl\/index.php\/wp-json\/wp\/v2\/comments?post=8385"}],"wp:featuredmedia":[{"embeddable":true,"href":"https:\/\/acinsumos.cl\/index.php\/wp-json\/wp\/v2\/media\/8386"}],"wp:attachment":[{"href":"https:\/\/acinsumos.cl\/index.php\/wp-json\/wp\/v2\/media?parent=8385"}],"wp:term":[{"taxonomy":"product_cat","embeddable":true,"href":"https:\/\/acinsumos.cl\/index.php\/wp-json\/wp\/v2\/product_cat?post=8385"},{"taxonomy":"product_tag","embeddable":true,"href":"https:\/\/acinsumos.cl\/index.php\/wp-json\/wp\/v2\/product_tag?post=8385"}],"curies":[{"name":"wp","href":"https:\/\/api.w.org\/{rel}","templated":true}]}}