{"id":8387,"date":"2022-06-17T16:39:21","date_gmt":"2022-06-17T16:39:21","guid":{"rendered":"http:\/\/acinsumos.srtv.cl\/?post_type=product&#038;p=8387"},"modified":"2022-08-10T13:06:25","modified_gmt":"2022-08-10T13:06:25","slug":"pump-in-lip-seal-otros-materiales","status":"publish","type":"product","link":"https:\/\/acinsumos.cl\/index.php\/producto\/pump-in-lip-seal-otros-materiales\/","title":{"rendered":"Pump-in lip seal otros materiales"},"content":{"rendered":"<p>En AC Insumos tenemos disponibilidad de otros materiales (nitrilo, viton, fluorosilicona, poliuretano y otros) en el proceso de fabricaci\u00f3n de los famosos pump-in lip seals, conocidos en el idioma espa\u00f1ol como sellos radiales de labio.<\/p>\n<p>Debemos recordar que los pump-in lip seals son piezas fundamentales para i) impedir la introducci\u00f3n de agentes externos potencialmente perjudiciales; y ii) impedir que el lubricante o el fluido de la maquinaria se filtre al exterior.<\/p>\n<p>Por lo tanto, se pueden fabricar en otros materiales; el proceso de selecci\u00f3n del material se efectuar\u00e1 de acuerdo con el an\u00e1lisis de variables t\u00e9cnicas del proceso como la temperatura, el tipo de fluido y el grado espec\u00edfico de aplicaci\u00f3n.<\/p>\n","protected":false},"excerpt":{"rendered":"<p>En AC Insumos tenemos disponibilidad de otros materiales (nitrilo, viton, fluorosilicona, poliuretano y otros) en el proceso de fabricaci\u00f3n de los famosos pump-in lip seals, conocidos en el idioma espa\u00f1ol como sellos radiales de labio. Debemos recordar que los pump-in lip seals son piezas fundamentales para i) impedir la introducci\u00f3n de agentes externos potencialmente perjudiciales;&#8230;<\/p>\n","protected":false},"featured_media":8388,"comment_status":"open","ping_status":"closed","template":"","meta":{"om_disable_all_campaigns":false,"_monsterinsights_skip_tracking":false,"_monsterinsights_sitenote_active":false,"_monsterinsights_sitenote_note":"","_monsterinsights_sitenote_category":0},"product_cat":[78],"product_tag":[],"aioseo_notices":[],"_links":{"self":[{"href":"https:\/\/acinsumos.cl\/index.php\/wp-json\/wp\/v2\/product\/8387"}],"collection":[{"href":"https:\/\/acinsumos.cl\/index.php\/wp-json\/wp\/v2\/product"}],"about":[{"href":"https:\/\/acinsumos.cl\/index.php\/wp-json\/wp\/v2\/types\/product"}],"replies":[{"embeddable":true,"href":"https:\/\/acinsumos.cl\/index.php\/wp-json\/wp\/v2\/comments?post=8387"}],"wp:featuredmedia":[{"embeddable":true,"href":"https:\/\/acinsumos.cl\/index.php\/wp-json\/wp\/v2\/media\/8388"}],"wp:attachment":[{"href":"https:\/\/acinsumos.cl\/index.php\/wp-json\/wp\/v2\/media?parent=8387"}],"wp:term":[{"taxonomy":"product_cat","embeddable":true,"href":"https:\/\/acinsumos.cl\/index.php\/wp-json\/wp\/v2\/product_cat?post=8387"},{"taxonomy":"product_tag","embeddable":true,"href":"https:\/\/acinsumos.cl\/index.php\/wp-json\/wp\/v2\/product_tag?post=8387"}],"curies":[{"name":"wp","href":"https:\/\/api.w.org\/{rel}","templated":true}]}}