{"id":8389,"date":"2022-06-17T16:40:21","date_gmt":"2022-06-17T16:40:21","guid":{"rendered":"http:\/\/acinsumos.srtv.cl\/?post_type=product&#038;p=8389"},"modified":"2022-08-10T13:07:48","modified_gmt":"2022-08-10T13:07:48","slug":"cable-packing-3-16","status":"publish","type":"product","link":"https:\/\/acinsumos.cl\/index.php\/producto\/cable-packing-3-16\/","title":{"rendered":"Cable Packing 3\/16&#8243;"},"content":{"rendered":"<p>El cable packing (empaquetadura de cable) en dimensiones 3\/16\u201d es uno de los componentes principales en las c\u00e1maras de carga (loading chamber), que se instala en el medio o entre dos guiadores de cable.<\/p>\n<p>AC Insumos se ha especializado en la fabricaci\u00f3n y distribuci\u00f3n de repuestos industriales y mineros, cumpliendo con los requerimientos vinculantes, logrando desarrollar una vasta gama de elementos como el cable packing en dimensiones 3\/16\u201d.<\/p>\n<p>Al ser \u00abpacking\u00bb, es decir, empaquetadura o junta, desempe\u00f1a un rol importante en la preservaci\u00f3n del cable que se introduce en la loading chamber. As\u00ed pues, se trata de una peque\u00f1a pieza que por peque\u00f1a no deja de tener una funci\u00f3n esencial.<\/p>\n","protected":false},"excerpt":{"rendered":"<p>El cable packing (empaquetadura de cable) en dimensiones 3\/16\u201d es uno de los componentes principales en las c\u00e1maras de carga (loading chamber), que se instala en el medio o entre dos guiadores de cable. AC Insumos se ha especializado en la fabricaci\u00f3n y distribuci\u00f3n de repuestos industriales y mineros, cumpliendo con los requerimientos vinculantes, logrando&#8230;<\/p>\n","protected":false},"featured_media":8390,"comment_status":"open","ping_status":"closed","template":"","meta":{"om_disable_all_campaigns":false,"_monsterinsights_skip_tracking":false,"_monsterinsights_sitenote_active":false,"_monsterinsights_sitenote_note":"","_monsterinsights_sitenote_category":0},"product_cat":[78],"product_tag":[],"aioseo_notices":[],"_links":{"self":[{"href":"https:\/\/acinsumos.cl\/index.php\/wp-json\/wp\/v2\/product\/8389"}],"collection":[{"href":"https:\/\/acinsumos.cl\/index.php\/wp-json\/wp\/v2\/product"}],"about":[{"href":"https:\/\/acinsumos.cl\/index.php\/wp-json\/wp\/v2\/types\/product"}],"replies":[{"embeddable":true,"href":"https:\/\/acinsumos.cl\/index.php\/wp-json\/wp\/v2\/comments?post=8389"}],"wp:featuredmedia":[{"embeddable":true,"href":"https:\/\/acinsumos.cl\/index.php\/wp-json\/wp\/v2\/media\/8390"}],"wp:attachment":[{"href":"https:\/\/acinsumos.cl\/index.php\/wp-json\/wp\/v2\/media?parent=8389"}],"wp:term":[{"taxonomy":"product_cat","embeddable":true,"href":"https:\/\/acinsumos.cl\/index.php\/wp-json\/wp\/v2\/product_cat?post=8389"},{"taxonomy":"product_tag","embeddable":true,"href":"https:\/\/acinsumos.cl\/index.php\/wp-json\/wp\/v2\/product_tag?post=8389"}],"curies":[{"name":"wp","href":"https:\/\/api.w.org\/{rel}","templated":true}]}}