{"id":8391,"date":"2022-06-17T16:41:53","date_gmt":"2022-06-17T16:41:53","guid":{"rendered":"http:\/\/acinsumos.srtv.cl\/?post_type=product&#038;p=8391"},"modified":"2022-08-10T13:08:59","modified_gmt":"2022-08-10T13:08:59","slug":"gomas-bop","status":"publish","type":"product","link":"https:\/\/acinsumos.cl\/index.php\/producto\/gomas-bop\/","title":{"rendered":"Gomas BOP"},"content":{"rendered":"<p>Las gomas forman parte del mecanismo de prevenci\u00f3n anular de un sistema de prevenci\u00f3n de explosiones o reventones (BOP por sus siglas en ingl\u00e9s), de manera que tiene un papel importante en los mecanismos de seguridad de operaciones mineras.<\/p>\n<p>Las gomas BOP son sellos con forma de dona, que tambi\u00e9n se conocen como unidades de empaquetaduras elast\u00f3meras, que suelen colocarse entre la cabeza y el pist\u00f3n hidr\u00e1ulico, por lo que su operaci\u00f3n act\u00faa a manera de esf\u00ednter.<\/p>\n<p>Nuestra l\u00ednea de repuestos industriales y mineros incorpora las gomas BOP en consideraci\u00f3n de las necesidades de seguridad de la industria, as\u00ed como la propensi\u00f3n al mantenimiento y recambio de piezas en los sectores pesados.<\/p>\n","protected":false},"excerpt":{"rendered":"<p>Las gomas forman parte del mecanismo de prevenci\u00f3n anular de un sistema de prevenci\u00f3n de explosiones o reventones (BOP por sus siglas en ingl\u00e9s), de manera que tiene un papel importante en los mecanismos de seguridad de operaciones mineras. Las gomas BOP son sellos con forma de dona, que tambi\u00e9n se conocen como unidades de&#8230;<\/p>\n","protected":false},"featured_media":8392,"comment_status":"open","ping_status":"closed","template":"","meta":{"om_disable_all_campaigns":false,"_monsterinsights_skip_tracking":false,"_monsterinsights_sitenote_active":false,"_monsterinsights_sitenote_note":"","_monsterinsights_sitenote_category":0},"product_cat":[78],"product_tag":[],"aioseo_notices":[],"_links":{"self":[{"href":"https:\/\/acinsumos.cl\/index.php\/wp-json\/wp\/v2\/product\/8391"}],"collection":[{"href":"https:\/\/acinsumos.cl\/index.php\/wp-json\/wp\/v2\/product"}],"about":[{"href":"https:\/\/acinsumos.cl\/index.php\/wp-json\/wp\/v2\/types\/product"}],"replies":[{"embeddable":true,"href":"https:\/\/acinsumos.cl\/index.php\/wp-json\/wp\/v2\/comments?post=8391"}],"wp:featuredmedia":[{"embeddable":true,"href":"https:\/\/acinsumos.cl\/index.php\/wp-json\/wp\/v2\/media\/8392"}],"wp:attachment":[{"href":"https:\/\/acinsumos.cl\/index.php\/wp-json\/wp\/v2\/media?parent=8391"}],"wp:term":[{"taxonomy":"product_cat","embeddable":true,"href":"https:\/\/acinsumos.cl\/index.php\/wp-json\/wp\/v2\/product_cat?post=8391"},{"taxonomy":"product_tag","embeddable":true,"href":"https:\/\/acinsumos.cl\/index.php\/wp-json\/wp\/v2\/product_tag?post=8391"}],"curies":[{"name":"wp","href":"https:\/\/api.w.org\/{rel}","templated":true}]}}