{"id":8395,"date":"2022-06-17T17:02:44","date_gmt":"2022-06-17T17:02:44","guid":{"rendered":"http:\/\/acinsumos.srtv.cl\/?post_type=product&#038;p=8395"},"modified":"2022-08-09T22:14:17","modified_gmt":"2022-08-09T22:14:17","slug":"silenciadores-de-venteo","status":"publish","type":"product","link":"https:\/\/acinsumos.cl\/index.php\/producto\/silenciadores-de-venteo\/","title":{"rendered":"SILENCIADORES DE VENTEO"},"content":{"rendered":"<p>Los silenciadores de venteo de AC Insumos son dise\u00f1ados para minimizar la contaminaci\u00f3n sonora emanada de la descarga atmosf\u00e9rica de vapores, gases y aire comprimido. Este control ac\u00fastico es un requerimiento importante en la industria.<\/p>\n<p>En consideraci\u00f3n de este \u00faltimo detalle, nosotros entendemos la rigurosidad y la minuciosidad que debe prevalecer en el dise\u00f1o de estos mecanismos, motivo por el cual fabricamos silenciadores de venteo en funci\u00f3n de estas necesidades.<\/p>\n<p>Las aplicaciones de nuestros silenciadores de venteo comprenden las calderas de combusti\u00f3n, las plantas de ciclo combinado, las centrales t\u00e9rmicas y nucleares, las plantas de gasificaci\u00f3n y todo tipo de operaciones industriales de esta categor\u00eda.<\/p>\n","protected":false},"excerpt":{"rendered":"<p>Los silenciadores de venteo de AC Insumos son dise\u00f1ados para minimizar la contaminaci\u00f3n sonora emanada de la descarga atmosf\u00e9rica de vapores, gases y aire comprimido. Este control ac\u00fastico es un requerimiento importante en la industria. En consideraci\u00f3n de este \u00faltimo detalle, nosotros entendemos la rigurosidad y la minuciosidad que debe prevalecer en el dise\u00f1o de&#8230;<\/p>\n","protected":false},"featured_media":8285,"comment_status":"open","ping_status":"closed","template":"","meta":{"om_disable_all_campaigns":false,"_monsterinsights_skip_tracking":false,"_monsterinsights_sitenote_active":false,"_monsterinsights_sitenote_note":"","_monsterinsights_sitenote_category":0},"product_cat":[77],"product_tag":[],"aioseo_notices":[],"_links":{"self":[{"href":"https:\/\/acinsumos.cl\/index.php\/wp-json\/wp\/v2\/product\/8395"}],"collection":[{"href":"https:\/\/acinsumos.cl\/index.php\/wp-json\/wp\/v2\/product"}],"about":[{"href":"https:\/\/acinsumos.cl\/index.php\/wp-json\/wp\/v2\/types\/product"}],"replies":[{"embeddable":true,"href":"https:\/\/acinsumos.cl\/index.php\/wp-json\/wp\/v2\/comments?post=8395"}],"wp:featuredmedia":[{"embeddable":true,"href":"https:\/\/acinsumos.cl\/index.php\/wp-json\/wp\/v2\/media\/8285"}],"wp:attachment":[{"href":"https:\/\/acinsumos.cl\/index.php\/wp-json\/wp\/v2\/media?parent=8395"}],"wp:term":[{"taxonomy":"product_cat","embeddable":true,"href":"https:\/\/acinsumos.cl\/index.php\/wp-json\/wp\/v2\/product_cat?post=8395"},{"taxonomy":"product_tag","embeddable":true,"href":"https:\/\/acinsumos.cl\/index.php\/wp-json\/wp\/v2\/product_tag?post=8395"}],"curies":[{"name":"wp","href":"https:\/\/api.w.org\/{rel}","templated":true}]}}