{"id":8397,"date":"2022-06-17T17:03:28","date_gmt":"2022-06-17T17:03:28","guid":{"rendered":"http:\/\/acinsumos.srtv.cl\/?post_type=product&#038;p=8397"},"modified":"2022-08-09T22:17:39","modified_gmt":"2022-08-09T22:17:39","slug":"cabinas-acusticas","status":"publish","type":"product","link":"https:\/\/acinsumos.cl\/index.php\/producto\/cabinas-acusticas\/","title":{"rendered":"Cabinas Ac\u00fasticas"},"content":{"rendered":"<p>La contaminaci\u00f3n s\u00f3nica se puede considerar uno de los potenciales problemas m\u00e1s acuciantes en la industria. Por sus graves consecuencias (como una mayor probabilidad de accidentes), es imprescindible controlar esta contaminaci\u00f3n mediante cabinas ac\u00fasticas.<\/p>\n<p>Si bien las cabinas ac\u00fasticas no son la \u00fanica soluci\u00f3n para controlar la generaci\u00f3n de ruido de la maquinaria industrial, han emergido como una de las alternativas m\u00e1s competitivas en el mercado, con varias aplicaciones.<\/p>\n<p>AC Insumos dispone de ingenieros de larga trayectoria y software de \u00faltima generaci\u00f3n para el dise\u00f1o y fabricaci\u00f3n de cabinas ac\u00fasticas a la medida, esto es, conforme a las necesidades espec\u00edficas de nuestros clientes.<\/p>\n","protected":false},"excerpt":{"rendered":"<p>La contaminaci\u00f3n s\u00f3nica se puede considerar uno de los potenciales problemas m\u00e1s acuciantes en la industria. Por sus graves consecuencias (como una mayor probabilidad de accidentes), es imprescindible controlar esta contaminaci\u00f3n mediante cabinas ac\u00fasticas. Si bien las cabinas ac\u00fasticas no son la \u00fanica soluci\u00f3n para controlar la generaci\u00f3n de ruido de la maquinaria industrial, han&#8230;<\/p>\n","protected":false},"featured_media":8294,"comment_status":"open","ping_status":"closed","template":"","meta":{"om_disable_all_campaigns":false,"_monsterinsights_skip_tracking":false,"_monsterinsights_sitenote_active":false,"_monsterinsights_sitenote_note":"","_monsterinsights_sitenote_category":0},"product_cat":[77],"product_tag":[],"aioseo_notices":[],"_links":{"self":[{"href":"https:\/\/acinsumos.cl\/index.php\/wp-json\/wp\/v2\/product\/8397"}],"collection":[{"href":"https:\/\/acinsumos.cl\/index.php\/wp-json\/wp\/v2\/product"}],"about":[{"href":"https:\/\/acinsumos.cl\/index.php\/wp-json\/wp\/v2\/types\/product"}],"replies":[{"embeddable":true,"href":"https:\/\/acinsumos.cl\/index.php\/wp-json\/wp\/v2\/comments?post=8397"}],"wp:featuredmedia":[{"embeddable":true,"href":"https:\/\/acinsumos.cl\/index.php\/wp-json\/wp\/v2\/media\/8294"}],"wp:attachment":[{"href":"https:\/\/acinsumos.cl\/index.php\/wp-json\/wp\/v2\/media?parent=8397"}],"wp:term":[{"taxonomy":"product_cat","embeddable":true,"href":"https:\/\/acinsumos.cl\/index.php\/wp-json\/wp\/v2\/product_cat?post=8397"},{"taxonomy":"product_tag","embeddable":true,"href":"https:\/\/acinsumos.cl\/index.php\/wp-json\/wp\/v2\/product_tag?post=8397"}],"curies":[{"name":"wp","href":"https:\/\/api.w.org\/{rel}","templated":true}]}}