{"id":8399,"date":"2022-06-17T17:04:45","date_gmt":"2022-06-17T17:04:45","guid":{"rendered":"http:\/\/acinsumos.srtv.cl\/?post_type=product&#038;p=8399"},"modified":"2023-06-30T06:11:08","modified_gmt":"2023-06-30T06:11:08","slug":"encierros-acusticos-para-maquinaria","status":"publish","type":"product","link":"https:\/\/acinsumos.cl\/index.php\/producto\/encierros-acusticos-para-maquinaria\/","title":{"rendered":"Encierros Ac\u00fasticos para maquinaria"},"content":{"rendered":"<p>Los encierros ac\u00fasticos para maquinaria no son un producto en s\u00ed mismo, sino que es un conjunto de elementos (sistema) cuyo funcionamiento integrado garantiza el control de las emisiones sonoras provenientes de una sala de m\u00e1quinas industriales.<\/p>\n<p>Una caracter\u00edstica particular de los encierros ac\u00fasticos es que son pr\u00e1cticamente herm\u00e9ticos, pero su dise\u00f1o admite la conducci\u00f3n de aire porque incorporan silenciadores. Por consiguiente, son funcionales para instalaciones en las que se requiere flujo de aire (ventilaci\u00f3n).<\/p>\n<p>Los encierros ac\u00fasticos para maquinaria dise\u00f1ados por AC Insumos pueden incorporar paneles ac\u00fasticos modulares, silenciadores Louver (o celos\u00edas), silenciadores Splitter y perfiler\u00eda estructural con revestimientos altamente resistentes a exposiciones industriales.<\/p>\n","protected":false},"excerpt":{"rendered":"<p>Los encierros ac\u00fasticos para maquinaria no son un producto en s\u00ed mismo, sino que es un conjunto de elementos (sistema) cuyo funcionamiento integrado garantiza el control de las emisiones sonoras provenientes de una sala de m\u00e1quinas industriales. Una caracter\u00edstica particular de los encierros ac\u00fasticos es que son pr\u00e1cticamente herm\u00e9ticos, pero su dise\u00f1o admite la conducci\u00f3n&#8230;<\/p>\n","protected":false},"featured_media":8765,"comment_status":"open","ping_status":"closed","template":"","meta":{"om_disable_all_campaigns":false,"_monsterinsights_skip_tracking":false,"_monsterinsights_sitenote_active":false,"_monsterinsights_sitenote_note":"","_monsterinsights_sitenote_category":0},"product_cat":[75],"product_tag":[],"aioseo_notices":[],"_links":{"self":[{"href":"https:\/\/acinsumos.cl\/index.php\/wp-json\/wp\/v2\/product\/8399"}],"collection":[{"href":"https:\/\/acinsumos.cl\/index.php\/wp-json\/wp\/v2\/product"}],"about":[{"href":"https:\/\/acinsumos.cl\/index.php\/wp-json\/wp\/v2\/types\/product"}],"replies":[{"embeddable":true,"href":"https:\/\/acinsumos.cl\/index.php\/wp-json\/wp\/v2\/comments?post=8399"}],"wp:featuredmedia":[{"embeddable":true,"href":"https:\/\/acinsumos.cl\/index.php\/wp-json\/wp\/v2\/media\/8765"}],"wp:attachment":[{"href":"https:\/\/acinsumos.cl\/index.php\/wp-json\/wp\/v2\/media?parent=8399"}],"wp:term":[{"taxonomy":"product_cat","embeddable":true,"href":"https:\/\/acinsumos.cl\/index.php\/wp-json\/wp\/v2\/product_cat?post=8399"},{"taxonomy":"product_tag","embeddable":true,"href":"https:\/\/acinsumos.cl\/index.php\/wp-json\/wp\/v2\/product_tag?post=8399"}],"curies":[{"name":"wp","href":"https:\/\/api.w.org\/{rel}","templated":true}]}}