{"id":8489,"date":"2022-06-23T14:58:29","date_gmt":"2022-06-23T14:58:29","guid":{"rendered":"http:\/\/acinsumos.srtv.cl\/?post_type=product&#038;p=8489"},"modified":"2022-08-09T22:20:47","modified_gmt":"2022-08-09T22:20:47","slug":"modelaciones","status":"publish","type":"product","link":"https:\/\/acinsumos.cl\/index.php\/producto\/modelaciones\/","title":{"rendered":"MODELACIONES"},"content":{"rendered":"<p>Las modelaciones y predicciones de emisi\u00f3n de ruido son fundamentales para mitigar el impacto sanitario y ambiental (efectivamente, el ruido afecta a los ecosistemas) de una faena u obra. Su realizaci\u00f3n, sin embargo, puede presentar una serie de dificultades.<\/p>\n<p>AC Insumos se ha posicionado de manera sobresaliente en el mercado por sus soluciones vanguardistas, las cuales son el resultado de factores como la disposici\u00f3n de software con tecnolog\u00eda de punta y un alto grado de capacitaci\u00f3n t\u00e9cnica.<\/p>\n<p>Estas dos cualidades son vitales para poder llevar a cabo las m\u00e1s detalladas y fiables modelaciones, a partir de las cuales las industrias pueden tomar medidas adecuadas de antemano y realizar una previsi\u00f3n de gastos.<\/p>\n","protected":false},"excerpt":{"rendered":"<p>Las modelaciones y predicciones de emisi\u00f3n de ruido son fundamentales para mitigar el impacto sanitario y ambiental (efectivamente, el ruido afecta a los ecosistemas) de una faena u obra. Su realizaci\u00f3n, sin embargo, puede presentar una serie de dificultades. AC Insumos se ha posicionado de manera sobresaliente en el mercado por sus soluciones vanguardistas, las&#8230;<\/p>\n","protected":false},"featured_media":8064,"comment_status":"open","ping_status":"closed","template":"","meta":{"om_disable_all_campaigns":false,"_monsterinsights_skip_tracking":false,"_monsterinsights_sitenote_active":false,"_monsterinsights_sitenote_note":"","_monsterinsights_sitenote_category":0},"product_cat":[75],"product_tag":[],"aioseo_notices":[],"_links":{"self":[{"href":"https:\/\/acinsumos.cl\/index.php\/wp-json\/wp\/v2\/product\/8489"}],"collection":[{"href":"https:\/\/acinsumos.cl\/index.php\/wp-json\/wp\/v2\/product"}],"about":[{"href":"https:\/\/acinsumos.cl\/index.php\/wp-json\/wp\/v2\/types\/product"}],"replies":[{"embeddable":true,"href":"https:\/\/acinsumos.cl\/index.php\/wp-json\/wp\/v2\/comments?post=8489"}],"wp:featuredmedia":[{"embeddable":true,"href":"https:\/\/acinsumos.cl\/index.php\/wp-json\/wp\/v2\/media\/8064"}],"wp:attachment":[{"href":"https:\/\/acinsumos.cl\/index.php\/wp-json\/wp\/v2\/media?parent=8489"}],"wp:term":[{"taxonomy":"product_cat","embeddable":true,"href":"https:\/\/acinsumos.cl\/index.php\/wp-json\/wp\/v2\/product_cat?post=8489"},{"taxonomy":"product_tag","embeddable":true,"href":"https:\/\/acinsumos.cl\/index.php\/wp-json\/wp\/v2\/product_tag?post=8489"}],"curies":[{"name":"wp","href":"https:\/\/api.w.org\/{rel}","templated":true}]}}