{"id":8490,"date":"2022-06-23T14:59:15","date_gmt":"2022-06-23T14:59:15","guid":{"rendered":"http:\/\/acinsumos.srtv.cl\/?post_type=product&#038;p=8490"},"modified":"2022-08-09T22:22:09","modified_gmt":"2022-08-09T22:22:09","slug":"diseno-control-de-ruido","status":"publish","type":"product","link":"https:\/\/acinsumos.cl\/index.php\/producto\/diseno-control-de-ruido\/","title":{"rendered":"DISE\u00d1O CONTROL DE RUIDO"},"content":{"rendered":"<p>El dise\u00f1o de los sistemas de control de ruido es la etapa primordial y, simult\u00e1neamente, la m\u00e1s importante para la mitigaci\u00f3n del impacto ambiental de un proyecto. En su ejecuci\u00f3n intervienen un gran conjunto de variables t\u00e9cnicas de dif\u00edcil abordaje o aproximaci\u00f3n.<\/p>\n<p>AC Insumos cuenta con un equipo multidisciplinario de especialistas en control de ruido, quienes integran el conocimiento t\u00e9cnico con la experiencia de campo para lograr los dise\u00f1os m\u00e1s integrales, adecuados y optimizados.<\/p>\n<p>Los servicios de nuestro personal en el \u00e1rea de dise\u00f1o de sistemas de control de ruido puede abarcar desde el bosquejo de lineamientos, pasando por programas de formaci\u00f3n hasta el uso de software avanzado para modelaciones.<\/p>\n","protected":false},"excerpt":{"rendered":"<p>El dise\u00f1o de los sistemas de control de ruido es la etapa primordial y, simult\u00e1neamente, la m\u00e1s importante para la mitigaci\u00f3n del impacto ambiental de un proyecto. En su ejecuci\u00f3n intervienen un gran conjunto de variables t\u00e9cnicas de dif\u00edcil abordaje o aproximaci\u00f3n. AC Insumos cuenta con un equipo multidisciplinario de especialistas en control de ruido,&#8230;<\/p>\n","protected":false},"featured_media":8067,"comment_status":"open","ping_status":"closed","template":"","meta":{"om_disable_all_campaigns":false,"_monsterinsights_skip_tracking":false,"_monsterinsights_sitenote_active":false,"_monsterinsights_sitenote_note":"","_monsterinsights_sitenote_category":0},"product_cat":[75],"product_tag":[],"aioseo_notices":[],"_links":{"self":[{"href":"https:\/\/acinsumos.cl\/index.php\/wp-json\/wp\/v2\/product\/8490"}],"collection":[{"href":"https:\/\/acinsumos.cl\/index.php\/wp-json\/wp\/v2\/product"}],"about":[{"href":"https:\/\/acinsumos.cl\/index.php\/wp-json\/wp\/v2\/types\/product"}],"replies":[{"embeddable":true,"href":"https:\/\/acinsumos.cl\/index.php\/wp-json\/wp\/v2\/comments?post=8490"}],"wp:featuredmedia":[{"embeddable":true,"href":"https:\/\/acinsumos.cl\/index.php\/wp-json\/wp\/v2\/media\/8067"}],"wp:attachment":[{"href":"https:\/\/acinsumos.cl\/index.php\/wp-json\/wp\/v2\/media?parent=8490"}],"wp:term":[{"taxonomy":"product_cat","embeddable":true,"href":"https:\/\/acinsumos.cl\/index.php\/wp-json\/wp\/v2\/product_cat?post=8490"},{"taxonomy":"product_tag","embeddable":true,"href":"https:\/\/acinsumos.cl\/index.php\/wp-json\/wp\/v2\/product_tag?post=8490"}],"curies":[{"name":"wp","href":"https:\/\/api.w.org\/{rel}","templated":true}]}}