{"id":8491,"date":"2022-06-23T14:59:55","date_gmt":"2022-06-23T14:59:55","guid":{"rendered":"http:\/\/acinsumos.srtv.cl\/?post_type=product&#038;p=8491"},"modified":"2022-08-09T22:23:14","modified_gmt":"2022-08-09T22:23:14","slug":"acustica-arquitectonica","status":"publish","type":"product","link":"https:\/\/acinsumos.cl\/index.php\/producto\/acustica-arquitectonica\/","title":{"rendered":"AC\u00daSTICA ARQUITECT\u00d3NICA"},"content":{"rendered":"<p>La ac\u00fastica arquitect\u00f3nica es la yuxtaposici\u00f3n de dos ramas: por un lado, la ac\u00fastica, relacionada con el estudio del sonido; por el otro, la arquitectura, relacionada con la construcci\u00f3n de edificaciones.<\/p>\n<p>Desde un punto de vista comercial, la ac\u00fastica arquitect\u00f3nica engloba todos aquellos servicios de evaluaci\u00f3n, medici\u00f3n, dise\u00f1o, desarrollo, modelaci\u00f3n, predicci\u00f3n, fabricaci\u00f3n e implementaci\u00f3n de planes, proyectos, productos y servicios de aislamiento y acondicionamiento ac\u00fastico en edificaciones.<\/p>\n<p>El equipo de ingenieros de AC Insumos ha desarrollado soluciones de ac\u00fastica arquitect\u00f3nica por muchos a\u00f1os, tanto en la insonorizaci\u00f3n entre espacios, como el acondicionamiento dentro de un espacio, cumpliendo con los m\u00e1s altos est\u00e1ndares de calidad.<\/p>\n","protected":false},"excerpt":{"rendered":"<p>La ac\u00fastica arquitect\u00f3nica es la yuxtaposici\u00f3n de dos ramas: por un lado, la ac\u00fastica, relacionada con el estudio del sonido; por el otro, la arquitectura, relacionada con la construcci\u00f3n de edificaciones. Desde un punto de vista comercial, la ac\u00fastica arquitect\u00f3nica engloba todos aquellos servicios de evaluaci\u00f3n, medici\u00f3n, dise\u00f1o, desarrollo, modelaci\u00f3n, predicci\u00f3n, fabricaci\u00f3n e implementaci\u00f3n de&#8230;<\/p>\n","protected":false},"featured_media":8070,"comment_status":"open","ping_status":"closed","template":"","meta":{"om_disable_all_campaigns":false,"_monsterinsights_skip_tracking":false,"_monsterinsights_sitenote_active":false,"_monsterinsights_sitenote_note":"","_monsterinsights_sitenote_category":0},"product_cat":[75],"product_tag":[],"aioseo_notices":[],"_links":{"self":[{"href":"https:\/\/acinsumos.cl\/index.php\/wp-json\/wp\/v2\/product\/8491"}],"collection":[{"href":"https:\/\/acinsumos.cl\/index.php\/wp-json\/wp\/v2\/product"}],"about":[{"href":"https:\/\/acinsumos.cl\/index.php\/wp-json\/wp\/v2\/types\/product"}],"replies":[{"embeddable":true,"href":"https:\/\/acinsumos.cl\/index.php\/wp-json\/wp\/v2\/comments?post=8491"}],"wp:featuredmedia":[{"embeddable":true,"href":"https:\/\/acinsumos.cl\/index.php\/wp-json\/wp\/v2\/media\/8070"}],"wp:attachment":[{"href":"https:\/\/acinsumos.cl\/index.php\/wp-json\/wp\/v2\/media?parent=8491"}],"wp:term":[{"taxonomy":"product_cat","embeddable":true,"href":"https:\/\/acinsumos.cl\/index.php\/wp-json\/wp\/v2\/product_cat?post=8491"},{"taxonomy":"product_tag","embeddable":true,"href":"https:\/\/acinsumos.cl\/index.php\/wp-json\/wp\/v2\/product_tag?post=8491"}],"curies":[{"name":"wp","href":"https:\/\/api.w.org\/{rel}","templated":true}]}}